{"id":831,"date":"2023-09-06T22:52:02","date_gmt":"2023-09-06T20:52:02","guid":{"rendered":"https:\/\/uniquenailsstore.com\/?post_type=product&#038;p=831"},"modified":"2026-04-11T08:11:17","modified_gmt":"2026-04-11T06:11:17","slug":"polygel-cover-glitter-flash","status":"publish","type":"product","link":"https:\/\/uniquenailsstore.com\/index.php\/prodotto\/polygel-cover-glitter-flash\/","title":{"rendered":"Polygel cover glitter flash"},"content":{"rendered":"<p>Il polygel cover glitter flash \u00e8 una colorazione nude tempestata di microglitter al suo interno. Se usate il flash del telefono glitter brilleranno veramente tantissimo! Bellissimo anche sulle french a muretto.Il Polygel nel nostro settore ormai \u00e8 diventato un prodotto che non pu\u00f2 assolutamente mancare! Nel nostro polygel c\u2019\u00e8 molto meno acrilico rispetto ad altri acrygel in commercio ed \u00e8 per questo che permette al prodotto un ottima resistenza e lavorabilit\u00e0 e sopratutto si pinza benissimo perch\u00e9 pi\u00f9 flessibile anche se rigido.F\u00e0 pochissima polvere di limatura e si Lima con estrema facilit\u00e0. Si polimerizza in 60\/120 secondi in lampada UV\/LED.<\/p>\n<p>Made in Extra UE.<\/p>\n","protected":false},"excerpt":{"rendered":"<p>Il polygel cover glitter flash \u00e8 una colorazione nude tempestata di microglitter al suo interno. Se usate il flash del telefono glitter brilleranno veramente tantissimo! Bellissimo anche sulle french a muretto. Il Polygel nel nostro settore ormai \u00e8 diventato un prodotto che non pu\u00f2 assolutamente mancare!<\/p>\n<p>&nbsp;<\/p>\n","protected":false},"featured_media":799,"comment_status":"open","ping_status":"closed","template":"","meta":{"om_disable_all_campaigns":false,"_mi_skip_tracking":false,"_monsterinsights_sitenote_active":false,"_monsterinsights_sitenote_note":"","_monsterinsights_sitenote_category":0,"_joinchat":[]},"product_cat":[20],"product_tag":[],"class_list":{"0":"post-831","1":"product","2":"type-product","3":"status-publish","4":"has-post-thumbnail","6":"product_cat-polygel","8":"first","9":"instock","10":"shipping-taxable","11":"purchasable","12":"product-type-simple"},"yoast_head":"<!-- This site is optimized with the Yoast SEO plugin v21.1 - https:\/\/yoast.com\/wordpress\/plugins\/seo\/ -->\n<title>Polygel cover glitter flash - UNIQUE<\/title>\n<meta name=\"description\" content=\"Il polygel cover glitter flash \u00e8 una colorazione nude tempestata di microglitter al suo interno. Se usate il flash del telefono glitter brilleranno veramente tantissimo!\" \/>\n<meta name=\"robots\" content=\"index, follow, max-snippet:-1, max-image-preview:large, max-video-preview:-1\" \/>\n<link rel=\"canonical\" href=\"https:\/\/uniquenailsstore.com\/index.php\/prodotto\/polygel-cover-glitter-flash\/\" \/>\n<meta property=\"og:locale\" content=\"it_IT\" \/>\n<meta property=\"og:type\" content=\"article\" \/>\n<meta property=\"og:title\" content=\"Polygel cover glitter flash - UNIQUE\" \/>\n<meta property=\"og:description\" content=\"Il polygel cover glitter flash \u00e8 una colorazione nude tempestata di microglitter al suo interno. Se usate il flash del telefono glitter brilleranno veramente tantissimo!\" \/>\n<meta property=\"og:url\" content=\"https:\/\/uniquenailsstore.com\/index.php\/prodotto\/polygel-cover-glitter-flash\/\" \/>\n<meta property=\"og:site_name\" content=\"UNIQUE\" \/>\n<meta property=\"article:modified_time\" content=\"2026-04-11T06:11:17+00:00\" \/>\n<meta property=\"og:image\" content=\"https:\/\/uniquenailsstore.com\/wp-content\/uploads\/2023\/09\/Polygel-cover-glitter-gel.webp\" \/>\n\t<meta property=\"og:image:width\" content=\"1500\" \/>\n\t<meta property=\"og:image:height\" content=\"1500\" \/>\n\t<meta property=\"og:image:type\" content=\"image\/webp\" \/>\n<meta name=\"twitter:card\" content=\"summary_large_image\" \/>\n<meta name=\"twitter:label1\" content=\"Tempo di lettura stimato\" \/>\n\t<meta name=\"twitter:data1\" content=\"1 minuto\" \/>\n<script type=\"application\/ld+json\" class=\"yoast-schema-graph\">{\"@context\":\"https:\/\/schema.org\",\"@graph\":[{\"@type\":\"WebPage\",\"@id\":\"https:\/\/uniquenailsstore.com\/index.php\/prodotto\/polygel-cover-glitter-flash\/\",\"url\":\"https:\/\/uniquenailsstore.com\/index.php\/prodotto\/polygel-cover-glitter-flash\/\",\"name\":\"Polygel cover glitter flash - UNIQUE\",\"isPartOf\":{\"@id\":\"https:\/\/uniquenailsstore.com\/#website\"},\"datePublished\":\"2023-09-06T20:52:02+00:00\",\"dateModified\":\"2026-04-11T06:11:17+00:00\",\"description\":\"Il polygel cover glitter flash \u00e8 una colorazione nude tempestata di microglitter al suo interno. Se usate il flash del telefono glitter brilleranno veramente tantissimo!\",\"breadcrumb\":{\"@id\":\"https:\/\/uniquenailsstore.com\/index.php\/prodotto\/polygel-cover-glitter-flash\/#breadcrumb\"},\"inLanguage\":\"it-IT\",\"potentialAction\":[{\"@type\":\"ReadAction\",\"target\":[\"https:\/\/uniquenailsstore.com\/index.php\/prodotto\/polygel-cover-glitter-flash\/\"]}]},{\"@type\":\"BreadcrumbList\",\"@id\":\"https:\/\/uniquenailsstore.com\/index.php\/prodotto\/polygel-cover-glitter-flash\/#breadcrumb\",\"itemListElement\":[{\"@type\":\"ListItem\",\"position\":1,\"name\":\"Home\",\"item\":\"https:\/\/uniquenailsstore.com\/\"},{\"@type\":\"ListItem\",\"position\":2,\"name\":\"Shop\",\"item\":\"https:\/\/uniquenailsstore.com\/index.php\/negozio\/\"},{\"@type\":\"ListItem\",\"position\":3,\"name\":\"Polygel cover glitter flash\"}]},{\"@type\":\"WebSite\",\"@id\":\"https:\/\/uniquenailsstore.com\/#website\",\"url\":\"https:\/\/uniquenailsstore.com\/\",\"name\":\"UNIQUE\",\"description\":\"Vendita prodotti di qualit\u00e0 per unghie\",\"publisher\":{\"@id\":\"https:\/\/uniquenailsstore.com\/#organization\"},\"potentialAction\":[{\"@type\":\"SearchAction\",\"target\":{\"@type\":\"EntryPoint\",\"urlTemplate\":\"https:\/\/uniquenailsstore.com\/?s={search_term_string}\"},\"query-input\":\"required name=search_term_string\"}],\"inLanguage\":\"it-IT\"},{\"@type\":\"Organization\",\"@id\":\"https:\/\/uniquenailsstore.com\/#organization\",\"name\":\"UNIQUE\",\"url\":\"https:\/\/uniquenailsstore.com\/\",\"logo\":{\"@type\":\"ImageObject\",\"inLanguage\":\"it-IT\",\"@id\":\"https:\/\/uniquenailsstore.com\/#\/schema\/logo\/image\/\",\"url\":\"https:\/\/uniquenailsstore.com\/wp-content\/uploads\/2023\/06\/uniquesito.png\",\"contentUrl\":\"https:\/\/uniquenailsstore.com\/wp-content\/uploads\/2023\/06\/uniquesito.png\",\"width\":2057,\"height\":1043,\"caption\":\"UNIQUE\"},\"image\":{\"@id\":\"https:\/\/uniquenailsstore.com\/#\/schema\/logo\/image\/\"}}]}<\/script>\n<!-- \/ Yoast SEO plugin. -->","yoast_head_json":{"title":"Polygel cover glitter flash - UNIQUE","description":"Il polygel cover glitter flash \u00e8 una colorazione nude tempestata di microglitter al suo interno. Se usate il flash del telefono glitter brilleranno veramente tantissimo!","robots":{"index":"index","follow":"follow","max-snippet":"max-snippet:-1","max-image-preview":"max-image-preview:large","max-video-preview":"max-video-preview:-1"},"canonical":"https:\/\/uniquenailsstore.com\/index.php\/prodotto\/polygel-cover-glitter-flash\/","og_locale":"it_IT","og_type":"article","og_title":"Polygel cover glitter flash - UNIQUE","og_description":"Il polygel cover glitter flash \u00e8 una colorazione nude tempestata di microglitter al suo interno. Se usate il flash del telefono glitter brilleranno veramente tantissimo!","og_url":"https:\/\/uniquenailsstore.com\/index.php\/prodotto\/polygel-cover-glitter-flash\/","og_site_name":"UNIQUE","article_modified_time":"2026-04-11T06:11:17+00:00","og_image":[{"width":1500,"height":1500,"url":"https:\/\/uniquenailsstore.com\/wp-content\/uploads\/2023\/09\/Polygel-cover-glitter-gel.webp","type":"image\/webp"}],"twitter_card":"summary_large_image","twitter_misc":{"Tempo di lettura stimato":"1 minuto"},"schema":{"@context":"https:\/\/schema.org","@graph":[{"@type":"WebPage","@id":"https:\/\/uniquenailsstore.com\/index.php\/prodotto\/polygel-cover-glitter-flash\/","url":"https:\/\/uniquenailsstore.com\/index.php\/prodotto\/polygel-cover-glitter-flash\/","name":"Polygel cover glitter flash - UNIQUE","isPartOf":{"@id":"https:\/\/uniquenailsstore.com\/#website"},"datePublished":"2023-09-06T20:52:02+00:00","dateModified":"2026-04-11T06:11:17+00:00","description":"Il polygel cover glitter flash \u00e8 una colorazione nude tempestata di microglitter al suo interno. Se usate il flash del telefono glitter brilleranno veramente tantissimo!","breadcrumb":{"@id":"https:\/\/uniquenailsstore.com\/index.php\/prodotto\/polygel-cover-glitter-flash\/#breadcrumb"},"inLanguage":"it-IT","potentialAction":[{"@type":"ReadAction","target":["https:\/\/uniquenailsstore.com\/index.php\/prodotto\/polygel-cover-glitter-flash\/"]}]},{"@type":"BreadcrumbList","@id":"https:\/\/uniquenailsstore.com\/index.php\/prodotto\/polygel-cover-glitter-flash\/#breadcrumb","itemListElement":[{"@type":"ListItem","position":1,"name":"Home","item":"https:\/\/uniquenailsstore.com\/"},{"@type":"ListItem","position":2,"name":"Shop","item":"https:\/\/uniquenailsstore.com\/index.php\/negozio\/"},{"@type":"ListItem","position":3,"name":"Polygel cover glitter flash"}]},{"@type":"WebSite","@id":"https:\/\/uniquenailsstore.com\/#website","url":"https:\/\/uniquenailsstore.com\/","name":"UNIQUE","description":"Vendita prodotti di qualit\u00e0 per unghie","publisher":{"@id":"https:\/\/uniquenailsstore.com\/#organization"},"potentialAction":[{"@type":"SearchAction","target":{"@type":"EntryPoint","urlTemplate":"https:\/\/uniquenailsstore.com\/?s={search_term_string}"},"query-input":"required name=search_term_string"}],"inLanguage":"it-IT"},{"@type":"Organization","@id":"https:\/\/uniquenailsstore.com\/#organization","name":"UNIQUE","url":"https:\/\/uniquenailsstore.com\/","logo":{"@type":"ImageObject","inLanguage":"it-IT","@id":"https:\/\/uniquenailsstore.com\/#\/schema\/logo\/image\/","url":"https:\/\/uniquenailsstore.com\/wp-content\/uploads\/2023\/06\/uniquesito.png","contentUrl":"https:\/\/uniquenailsstore.com\/wp-content\/uploads\/2023\/06\/uniquesito.png","width":2057,"height":1043,"caption":"UNIQUE"},"image":{"@id":"https:\/\/uniquenailsstore.com\/#\/schema\/logo\/image\/"}}]}},"_links":{"self":[{"href":"https:\/\/uniquenailsstore.com\/index.php\/wp-json\/wp\/v2\/product\/831","targetHints":{"allow":["GET"]}}],"collection":[{"href":"https:\/\/uniquenailsstore.com\/index.php\/wp-json\/wp\/v2\/product"}],"about":[{"href":"https:\/\/uniquenailsstore.com\/index.php\/wp-json\/wp\/v2\/types\/product"}],"replies":[{"embeddable":true,"href":"https:\/\/uniquenailsstore.com\/index.php\/wp-json\/wp\/v2\/comments?post=831"}],"version-history":[{"count":3,"href":"https:\/\/uniquenailsstore.com\/index.php\/wp-json\/wp\/v2\/product\/831\/revisions"}],"predecessor-version":[{"id":1281,"href":"https:\/\/uniquenailsstore.com\/index.php\/wp-json\/wp\/v2\/product\/831\/revisions\/1281"}],"wp:featuredmedia":[{"embeddable":true,"href":"https:\/\/uniquenailsstore.com\/index.php\/wp-json\/wp\/v2\/media\/799"}],"wp:attachment":[{"href":"https:\/\/uniquenailsstore.com\/index.php\/wp-json\/wp\/v2\/media?parent=831"}],"wp:term":[{"taxonomy":"product_cat","embeddable":true,"href":"https:\/\/uniquenailsstore.com\/index.php\/wp-json\/wp\/v2\/product_cat?post=831"},{"taxonomy":"product_tag","embeddable":true,"href":"https:\/\/uniquenailsstore.com\/index.php\/wp-json\/wp\/v2\/product_tag?post=831"}],"curies":[{"name":"wp","href":"https:\/\/api.w.org\/{rel}","templated":true}]}}