{"id":827,"date":"2023-09-06T22:47:50","date_gmt":"2023-09-06T20:47:50","guid":{"rendered":"https:\/\/uniquenailsstore.com\/?post_type=product&#038;p=827"},"modified":"2026-01-08T14:29:23","modified_gmt":"2026-01-08T13:29:23","slug":"polygel-light-pastel-shiny","status":"publish","type":"product","link":"https:\/\/uniquenailsstore.com\/index.php\/prodotto\/polygel-light-pastel-shiny\/","title":{"rendered":"Polygel light pastel shiny"},"content":{"rendered":"<p>Il polygel light pastel shiny \u00e8 una colorazione rosa latte molto chiara e delicata tempestata di microglitter al suo interno. Bellissimo sia da lasciare cos\u00ec che su un babyboomer.Il Polygel nel nostro settore ormai \u00e8 diventato un prodotto che non pu\u00f2 assolutamente mancare! Nel nostro polygel c\u2019\u00e8 molto meno acrilico rispetto ad altri acrygel in commercio ed \u00e8 per questo che permette al prodotto un ottima resistenza e lavorabilit\u00e0 e sopratutto si pinza benissimo perch\u00e9 pi\u00f9 flessibile anche se rigido.F\u00e0 pochissima polvere di limatura e si Lima con estrema facilit\u00e0. Si polimerizza in 60\/120 secondi in lampada UV\/LED. 50g<\/p>\n<p>Made in Extra UE.<\/p>\n","protected":false},"excerpt":{"rendered":"<p>Il polygel light pastel shiny \u00e8 una colorazione rosa latte molto chiara e delicata tempestata di microglitter al suo interno. Bellissimo sia da lasciare cos\u00ec che su un babyboomer.Il Polygel nel nostro settore ormai \u00e8 diventato un prodotto che non pu\u00f2 assolutamente mancare! Nel nostro polygel c\u2019\u00e8 molto meno acrilico rispetto ad altri acrygel in commercio ed \u00e8 per questo che permette al prodotto un ottima resistenza e lavorabilit\u00e0.<\/p>\n<p>&nbsp;<\/p>\n","protected":false},"featured_media":787,"comment_status":"open","ping_status":"closed","template":"","meta":{"om_disable_all_campaigns":false,"_mi_skip_tracking":false,"_monsterinsights_sitenote_active":false,"_monsterinsights_sitenote_note":"","_monsterinsights_sitenote_category":0,"_joinchat":[]},"product_cat":[20],"product_tag":[],"class_list":{"0":"post-827","1":"product","2":"type-product","3":"status-publish","4":"has-post-thumbnail","6":"product_cat-polygel","8":"first","9":"instock","10":"shipping-taxable","11":"purchasable","12":"product-type-simple"},"yoast_head":"<!-- This site is optimized with the Yoast SEO plugin v21.1 - https:\/\/yoast.com\/wordpress\/plugins\/seo\/ -->\n<title>Polygel light pastel shiny - UNIQUE<\/title>\n<meta name=\"description\" content=\"Il polygel light pastel shiny \u00e8 una colorazione rosa latte molto chiara e delicata tempestata di microglitter al suo interno.\" \/>\n<meta name=\"robots\" content=\"index, follow, max-snippet:-1, max-image-preview:large, max-video-preview:-1\" \/>\n<link rel=\"canonical\" href=\"https:\/\/uniquenailsstore.com\/index.php\/prodotto\/polygel-light-pastel-shiny\/\" \/>\n<meta property=\"og:locale\" content=\"it_IT\" \/>\n<meta property=\"og:type\" content=\"article\" \/>\n<meta property=\"og:title\" content=\"Polygel light pastel shiny - UNIQUE\" \/>\n<meta property=\"og:description\" content=\"Il polygel light pastel shiny \u00e8 una colorazione rosa latte molto chiara e delicata tempestata di microglitter al suo interno.\" \/>\n<meta property=\"og:url\" content=\"https:\/\/uniquenailsstore.com\/index.php\/prodotto\/polygel-light-pastel-shiny\/\" \/>\n<meta property=\"og:site_name\" content=\"UNIQUE\" \/>\n<meta property=\"article:modified_time\" content=\"2026-01-08T13:29:23+00:00\" \/>\n<meta property=\"og:image\" content=\"https:\/\/uniquenailsstore.com\/wp-content\/uploads\/2023\/09\/AnyConv.com__Light-pastel-shiny.webp\" \/>\n\t<meta property=\"og:image:width\" content=\"1500\" \/>\n\t<meta property=\"og:image:height\" content=\"1500\" \/>\n\t<meta property=\"og:image:type\" content=\"image\/webp\" \/>\n<meta name=\"twitter:card\" content=\"summary_large_image\" \/>\n<meta name=\"twitter:label1\" content=\"Tempo di lettura stimato\" \/>\n\t<meta name=\"twitter:data1\" content=\"1 minuto\" \/>\n<script type=\"application\/ld+json\" class=\"yoast-schema-graph\">{\"@context\":\"https:\/\/schema.org\",\"@graph\":[{\"@type\":\"WebPage\",\"@id\":\"https:\/\/uniquenailsstore.com\/index.php\/prodotto\/polygel-light-pastel-shiny\/\",\"url\":\"https:\/\/uniquenailsstore.com\/index.php\/prodotto\/polygel-light-pastel-shiny\/\",\"name\":\"Polygel light pastel shiny - UNIQUE\",\"isPartOf\":{\"@id\":\"https:\/\/uniquenailsstore.com\/#website\"},\"datePublished\":\"2023-09-06T20:47:50+00:00\",\"dateModified\":\"2026-01-08T13:29:23+00:00\",\"description\":\"Il polygel light pastel shiny \u00e8 una colorazione rosa latte molto chiara e delicata tempestata di microglitter al suo interno.\",\"breadcrumb\":{\"@id\":\"https:\/\/uniquenailsstore.com\/index.php\/prodotto\/polygel-light-pastel-shiny\/#breadcrumb\"},\"inLanguage\":\"it-IT\",\"potentialAction\":[{\"@type\":\"ReadAction\",\"target\":[\"https:\/\/uniquenailsstore.com\/index.php\/prodotto\/polygel-light-pastel-shiny\/\"]}]},{\"@type\":\"BreadcrumbList\",\"@id\":\"https:\/\/uniquenailsstore.com\/index.php\/prodotto\/polygel-light-pastel-shiny\/#breadcrumb\",\"itemListElement\":[{\"@type\":\"ListItem\",\"position\":1,\"name\":\"Home\",\"item\":\"https:\/\/uniquenailsstore.com\/\"},{\"@type\":\"ListItem\",\"position\":2,\"name\":\"Shop\",\"item\":\"https:\/\/uniquenailsstore.com\/index.php\/negozio\/\"},{\"@type\":\"ListItem\",\"position\":3,\"name\":\"Polygel light pastel shiny\"}]},{\"@type\":\"WebSite\",\"@id\":\"https:\/\/uniquenailsstore.com\/#website\",\"url\":\"https:\/\/uniquenailsstore.com\/\",\"name\":\"UNIQUE\",\"description\":\"Vendita prodotti di qualit\u00e0 per unghie\",\"publisher\":{\"@id\":\"https:\/\/uniquenailsstore.com\/#organization\"},\"potentialAction\":[{\"@type\":\"SearchAction\",\"target\":{\"@type\":\"EntryPoint\",\"urlTemplate\":\"https:\/\/uniquenailsstore.com\/?s={search_term_string}\"},\"query-input\":\"required name=search_term_string\"}],\"inLanguage\":\"it-IT\"},{\"@type\":\"Organization\",\"@id\":\"https:\/\/uniquenailsstore.com\/#organization\",\"name\":\"UNIQUE\",\"url\":\"https:\/\/uniquenailsstore.com\/\",\"logo\":{\"@type\":\"ImageObject\",\"inLanguage\":\"it-IT\",\"@id\":\"https:\/\/uniquenailsstore.com\/#\/schema\/logo\/image\/\",\"url\":\"https:\/\/uniquenailsstore.com\/wp-content\/uploads\/2023\/06\/uniquesito.png\",\"contentUrl\":\"https:\/\/uniquenailsstore.com\/wp-content\/uploads\/2023\/06\/uniquesito.png\",\"width\":2057,\"height\":1043,\"caption\":\"UNIQUE\"},\"image\":{\"@id\":\"https:\/\/uniquenailsstore.com\/#\/schema\/logo\/image\/\"}}]}<\/script>\n<!-- \/ Yoast SEO plugin. -->","yoast_head_json":{"title":"Polygel light pastel shiny - UNIQUE","description":"Il polygel light pastel shiny \u00e8 una colorazione rosa latte molto chiara e delicata tempestata di microglitter al suo interno.","robots":{"index":"index","follow":"follow","max-snippet":"max-snippet:-1","max-image-preview":"max-image-preview:large","max-video-preview":"max-video-preview:-1"},"canonical":"https:\/\/uniquenailsstore.com\/index.php\/prodotto\/polygel-light-pastel-shiny\/","og_locale":"it_IT","og_type":"article","og_title":"Polygel light pastel shiny - UNIQUE","og_description":"Il polygel light pastel shiny \u00e8 una colorazione rosa latte molto chiara e delicata tempestata di microglitter al suo interno.","og_url":"https:\/\/uniquenailsstore.com\/index.php\/prodotto\/polygel-light-pastel-shiny\/","og_site_name":"UNIQUE","article_modified_time":"2026-01-08T13:29:23+00:00","og_image":[{"width":1500,"height":1500,"url":"https:\/\/uniquenailsstore.com\/wp-content\/uploads\/2023\/09\/AnyConv.com__Light-pastel-shiny.webp","type":"image\/webp"}],"twitter_card":"summary_large_image","twitter_misc":{"Tempo di lettura stimato":"1 minuto"},"schema":{"@context":"https:\/\/schema.org","@graph":[{"@type":"WebPage","@id":"https:\/\/uniquenailsstore.com\/index.php\/prodotto\/polygel-light-pastel-shiny\/","url":"https:\/\/uniquenailsstore.com\/index.php\/prodotto\/polygel-light-pastel-shiny\/","name":"Polygel light pastel shiny - UNIQUE","isPartOf":{"@id":"https:\/\/uniquenailsstore.com\/#website"},"datePublished":"2023-09-06T20:47:50+00:00","dateModified":"2026-01-08T13:29:23+00:00","description":"Il polygel light pastel shiny \u00e8 una colorazione rosa latte molto chiara e delicata tempestata di microglitter al suo interno.","breadcrumb":{"@id":"https:\/\/uniquenailsstore.com\/index.php\/prodotto\/polygel-light-pastel-shiny\/#breadcrumb"},"inLanguage":"it-IT","potentialAction":[{"@type":"ReadAction","target":["https:\/\/uniquenailsstore.com\/index.php\/prodotto\/polygel-light-pastel-shiny\/"]}]},{"@type":"BreadcrumbList","@id":"https:\/\/uniquenailsstore.com\/index.php\/prodotto\/polygel-light-pastel-shiny\/#breadcrumb","itemListElement":[{"@type":"ListItem","position":1,"name":"Home","item":"https:\/\/uniquenailsstore.com\/"},{"@type":"ListItem","position":2,"name":"Shop","item":"https:\/\/uniquenailsstore.com\/index.php\/negozio\/"},{"@type":"ListItem","position":3,"name":"Polygel light pastel shiny"}]},{"@type":"WebSite","@id":"https:\/\/uniquenailsstore.com\/#website","url":"https:\/\/uniquenailsstore.com\/","name":"UNIQUE","description":"Vendita prodotti di qualit\u00e0 per unghie","publisher":{"@id":"https:\/\/uniquenailsstore.com\/#organization"},"potentialAction":[{"@type":"SearchAction","target":{"@type":"EntryPoint","urlTemplate":"https:\/\/uniquenailsstore.com\/?s={search_term_string}"},"query-input":"required name=search_term_string"}],"inLanguage":"it-IT"},{"@type":"Organization","@id":"https:\/\/uniquenailsstore.com\/#organization","name":"UNIQUE","url":"https:\/\/uniquenailsstore.com\/","logo":{"@type":"ImageObject","inLanguage":"it-IT","@id":"https:\/\/uniquenailsstore.com\/#\/schema\/logo\/image\/","url":"https:\/\/uniquenailsstore.com\/wp-content\/uploads\/2023\/06\/uniquesito.png","contentUrl":"https:\/\/uniquenailsstore.com\/wp-content\/uploads\/2023\/06\/uniquesito.png","width":2057,"height":1043,"caption":"UNIQUE"},"image":{"@id":"https:\/\/uniquenailsstore.com\/#\/schema\/logo\/image\/"}}]}},"_links":{"self":[{"href":"https:\/\/uniquenailsstore.com\/index.php\/wp-json\/wp\/v2\/product\/827","targetHints":{"allow":["GET"]}}],"collection":[{"href":"https:\/\/uniquenailsstore.com\/index.php\/wp-json\/wp\/v2\/product"}],"about":[{"href":"https:\/\/uniquenailsstore.com\/index.php\/wp-json\/wp\/v2\/types\/product"}],"replies":[{"embeddable":true,"href":"https:\/\/uniquenailsstore.com\/index.php\/wp-json\/wp\/v2\/comments?post=827"}],"version-history":[{"count":3,"href":"https:\/\/uniquenailsstore.com\/index.php\/wp-json\/wp\/v2\/product\/827\/revisions"}],"predecessor-version":[{"id":1283,"href":"https:\/\/uniquenailsstore.com\/index.php\/wp-json\/wp\/v2\/product\/827\/revisions\/1283"}],"wp:featuredmedia":[{"embeddable":true,"href":"https:\/\/uniquenailsstore.com\/index.php\/wp-json\/wp\/v2\/media\/787"}],"wp:attachment":[{"href":"https:\/\/uniquenailsstore.com\/index.php\/wp-json\/wp\/v2\/media?parent=827"}],"wp:term":[{"taxonomy":"product_cat","embeddable":true,"href":"https:\/\/uniquenailsstore.com\/index.php\/wp-json\/wp\/v2\/product_cat?post=827"},{"taxonomy":"product_tag","embeddable":true,"href":"https:\/\/uniquenailsstore.com\/index.php\/wp-json\/wp\/v2\/product_tag?post=827"}],"curies":[{"name":"wp","href":"https:\/\/api.w.org\/{rel}","templated":true}]}}