{"id":2723,"date":"2025-06-11T23:03:24","date_gmt":"2025-06-11T21:03:24","guid":{"rendered":"https:\/\/uniquenailsstore.com\/?post_type=product&#038;p=2723"},"modified":"2025-12-03T23:58:58","modified_gmt":"2025-12-03T22:58:58","slug":"pacchetto-polygel-colorati","status":"publish","type":"product","link":"https:\/\/uniquenailsstore.com\/index.php\/prodotto\/pacchetto-polygel-colorati\/","title":{"rendered":"Pacchetto polygel colorati"},"content":{"rendered":"<p>Colorazioni estive super brillanti e particolari perfette per l\u2019estate. Pieni di glitter al loro interno,Stupendo con un bel babyboomer abbinato al Jelly princess rose per fare la sfumatura dalla cuticola. Polygel molto morbido nella lavorazione, pochissima polvere di limatura e morbido da limare come tutti i nostri polygel presenti sul sito. Nel nostro polygel c\u2019\u00e8 molto meno acrilico rispetto ad altri acrygel in commercio ed \u00e8 per questo che permette al prodotto un ottima resistenza e lavorabilit\u00e0 e sopratutto si pinza benissimo perch\u00e9 pi\u00f9 flessibile anche se rigido. Si polimerizza in 60\/120 secondi in lampada UV\/LED.<br \/>\nMade in Extra UE.<br \/>\n30gr<br \/>\nUno\u00a0\u00e8\u00a0in\u00a0omaggio<\/p>\n","protected":false},"excerpt":{"rendered":"<p>Colorazioni estive super brillanti e particolari perfette per l\u2019estate. Pieni di glitter al loro interno,Stupendo con un bel babyboomer abbinato al Jelly princess rose per fare la sfumatura dalla cuticola. Polygel molto morbido nella lavorazione, pochissima polvere di limatura e morbido da limare come tutti i nostri polygel presenti sul sito. Nel nostro polygel c\u2019\u00e8 [&hellip;]<\/p>\n","protected":false},"featured_media":2724,"comment_status":"open","ping_status":"closed","template":"","meta":{"om_disable_all_campaigns":false,"_mi_skip_tracking":false,"_monsterinsights_sitenote_active":false,"_monsterinsights_sitenote_note":"","_monsterinsights_sitenote_category":0,"_joinchat":[]},"product_cat":[20],"product_tag":[],"class_list":{"0":"post-2723","1":"product","2":"type-product","3":"status-publish","4":"has-post-thumbnail","6":"product_cat-polygel","8":"first","9":"instock","10":"shipping-taxable","11":"purchasable","12":"product-type-simple"},"yoast_head":"<!-- This site is optimized with the Yoast SEO plugin v21.1 - https:\/\/yoast.com\/wordpress\/plugins\/seo\/ -->\n<title>Pacchetto polygel colorati - UNIQUE<\/title>\n<meta name=\"description\" content=\"Colorazioni estive super brillanti e particolari perfette per l\u2019estate. Pieni di glitter al loro interno.\" \/>\n<meta name=\"robots\" content=\"index, follow, max-snippet:-1, max-image-preview:large, max-video-preview:-1\" \/>\n<link rel=\"canonical\" href=\"https:\/\/uniquenailsstore.com\/index.php\/prodotto\/pacchetto-polygel-colorati\/\" \/>\n<meta property=\"og:locale\" content=\"it_IT\" \/>\n<meta property=\"og:type\" content=\"article\" \/>\n<meta property=\"og:title\" content=\"Pacchetto polygel colorati - UNIQUE\" \/>\n<meta property=\"og:description\" content=\"Colorazioni estive super brillanti e particolari perfette per l\u2019estate. Pieni di glitter al loro interno.\" \/>\n<meta property=\"og:url\" content=\"https:\/\/uniquenailsstore.com\/index.php\/prodotto\/pacchetto-polygel-colorati\/\" \/>\n<meta property=\"og:site_name\" content=\"UNIQUE\" \/>\n<meta property=\"article:modified_time\" content=\"2025-12-03T22:58:58+00:00\" \/>\n<meta property=\"og:image\" content=\"https:\/\/uniquenailsstore.com\/wp-content\/uploads\/2025\/06\/image0-scaled.jpeg\" \/>\n\t<meta property=\"og:image:width\" content=\"1919\" \/>\n\t<meta property=\"og:image:height\" content=\"2560\" \/>\n\t<meta property=\"og:image:type\" content=\"image\/jpeg\" \/>\n<meta name=\"twitter:card\" content=\"summary_large_image\" \/>\n<meta name=\"twitter:label1\" content=\"Tempo di lettura stimato\" \/>\n\t<meta name=\"twitter:data1\" content=\"1 minuto\" \/>\n<script type=\"application\/ld+json\" class=\"yoast-schema-graph\">{\"@context\":\"https:\/\/schema.org\",\"@graph\":[{\"@type\":\"WebPage\",\"@id\":\"https:\/\/uniquenailsstore.com\/index.php\/prodotto\/pacchetto-polygel-colorati\/\",\"url\":\"https:\/\/uniquenailsstore.com\/index.php\/prodotto\/pacchetto-polygel-colorati\/\",\"name\":\"Pacchetto polygel colorati - UNIQUE\",\"isPartOf\":{\"@id\":\"https:\/\/uniquenailsstore.com\/#website\"},\"datePublished\":\"2025-06-11T21:03:24+00:00\",\"dateModified\":\"2025-12-03T22:58:58+00:00\",\"description\":\"Colorazioni estive super brillanti e particolari perfette per l\u2019estate. Pieni di glitter al loro interno.\",\"breadcrumb\":{\"@id\":\"https:\/\/uniquenailsstore.com\/index.php\/prodotto\/pacchetto-polygel-colorati\/#breadcrumb\"},\"inLanguage\":\"it-IT\",\"potentialAction\":[{\"@type\":\"ReadAction\",\"target\":[\"https:\/\/uniquenailsstore.com\/index.php\/prodotto\/pacchetto-polygel-colorati\/\"]}]},{\"@type\":\"BreadcrumbList\",\"@id\":\"https:\/\/uniquenailsstore.com\/index.php\/prodotto\/pacchetto-polygel-colorati\/#breadcrumb\",\"itemListElement\":[{\"@type\":\"ListItem\",\"position\":1,\"name\":\"Home\",\"item\":\"https:\/\/uniquenailsstore.com\/\"},{\"@type\":\"ListItem\",\"position\":2,\"name\":\"Shop\",\"item\":\"https:\/\/uniquenailsstore.com\/index.php\/negozio\/\"},{\"@type\":\"ListItem\",\"position\":3,\"name\":\"Pacchetto polygel colorati\"}]},{\"@type\":\"WebSite\",\"@id\":\"https:\/\/uniquenailsstore.com\/#website\",\"url\":\"https:\/\/uniquenailsstore.com\/\",\"name\":\"UNIQUE\",\"description\":\"Vendita prodotti di qualit\u00e0 per unghie\",\"publisher\":{\"@id\":\"https:\/\/uniquenailsstore.com\/#organization\"},\"potentialAction\":[{\"@type\":\"SearchAction\",\"target\":{\"@type\":\"EntryPoint\",\"urlTemplate\":\"https:\/\/uniquenailsstore.com\/?s={search_term_string}\"},\"query-input\":\"required name=search_term_string\"}],\"inLanguage\":\"it-IT\"},{\"@type\":\"Organization\",\"@id\":\"https:\/\/uniquenailsstore.com\/#organization\",\"name\":\"UNIQUE\",\"url\":\"https:\/\/uniquenailsstore.com\/\",\"logo\":{\"@type\":\"ImageObject\",\"inLanguage\":\"it-IT\",\"@id\":\"https:\/\/uniquenailsstore.com\/#\/schema\/logo\/image\/\",\"url\":\"https:\/\/uniquenailsstore.com\/wp-content\/uploads\/2023\/06\/uniquesito.png\",\"contentUrl\":\"https:\/\/uniquenailsstore.com\/wp-content\/uploads\/2023\/06\/uniquesito.png\",\"width\":2057,\"height\":1043,\"caption\":\"UNIQUE\"},\"image\":{\"@id\":\"https:\/\/uniquenailsstore.com\/#\/schema\/logo\/image\/\"}}]}<\/script>\n<!-- \/ Yoast SEO plugin. -->","yoast_head_json":{"title":"Pacchetto polygel colorati - UNIQUE","description":"Colorazioni estive super brillanti e particolari perfette per l\u2019estate. Pieni di glitter al loro interno.","robots":{"index":"index","follow":"follow","max-snippet":"max-snippet:-1","max-image-preview":"max-image-preview:large","max-video-preview":"max-video-preview:-1"},"canonical":"https:\/\/uniquenailsstore.com\/index.php\/prodotto\/pacchetto-polygel-colorati\/","og_locale":"it_IT","og_type":"article","og_title":"Pacchetto polygel colorati - UNIQUE","og_description":"Colorazioni estive super brillanti e particolari perfette per l\u2019estate. Pieni di glitter al loro interno.","og_url":"https:\/\/uniquenailsstore.com\/index.php\/prodotto\/pacchetto-polygel-colorati\/","og_site_name":"UNIQUE","article_modified_time":"2025-12-03T22:58:58+00:00","og_image":[{"width":1919,"height":2560,"url":"https:\/\/uniquenailsstore.com\/wp-content\/uploads\/2025\/06\/image0-scaled.jpeg","type":"image\/jpeg"}],"twitter_card":"summary_large_image","twitter_misc":{"Tempo di lettura stimato":"1 minuto"},"schema":{"@context":"https:\/\/schema.org","@graph":[{"@type":"WebPage","@id":"https:\/\/uniquenailsstore.com\/index.php\/prodotto\/pacchetto-polygel-colorati\/","url":"https:\/\/uniquenailsstore.com\/index.php\/prodotto\/pacchetto-polygel-colorati\/","name":"Pacchetto polygel colorati - UNIQUE","isPartOf":{"@id":"https:\/\/uniquenailsstore.com\/#website"},"datePublished":"2025-06-11T21:03:24+00:00","dateModified":"2025-12-03T22:58:58+00:00","description":"Colorazioni estive super brillanti e particolari perfette per l\u2019estate. Pieni di glitter al loro interno.","breadcrumb":{"@id":"https:\/\/uniquenailsstore.com\/index.php\/prodotto\/pacchetto-polygel-colorati\/#breadcrumb"},"inLanguage":"it-IT","potentialAction":[{"@type":"ReadAction","target":["https:\/\/uniquenailsstore.com\/index.php\/prodotto\/pacchetto-polygel-colorati\/"]}]},{"@type":"BreadcrumbList","@id":"https:\/\/uniquenailsstore.com\/index.php\/prodotto\/pacchetto-polygel-colorati\/#breadcrumb","itemListElement":[{"@type":"ListItem","position":1,"name":"Home","item":"https:\/\/uniquenailsstore.com\/"},{"@type":"ListItem","position":2,"name":"Shop","item":"https:\/\/uniquenailsstore.com\/index.php\/negozio\/"},{"@type":"ListItem","position":3,"name":"Pacchetto polygel colorati"}]},{"@type":"WebSite","@id":"https:\/\/uniquenailsstore.com\/#website","url":"https:\/\/uniquenailsstore.com\/","name":"UNIQUE","description":"Vendita prodotti di qualit\u00e0 per unghie","publisher":{"@id":"https:\/\/uniquenailsstore.com\/#organization"},"potentialAction":[{"@type":"SearchAction","target":{"@type":"EntryPoint","urlTemplate":"https:\/\/uniquenailsstore.com\/?s={search_term_string}"},"query-input":"required name=search_term_string"}],"inLanguage":"it-IT"},{"@type":"Organization","@id":"https:\/\/uniquenailsstore.com\/#organization","name":"UNIQUE","url":"https:\/\/uniquenailsstore.com\/","logo":{"@type":"ImageObject","inLanguage":"it-IT","@id":"https:\/\/uniquenailsstore.com\/#\/schema\/logo\/image\/","url":"https:\/\/uniquenailsstore.com\/wp-content\/uploads\/2023\/06\/uniquesito.png","contentUrl":"https:\/\/uniquenailsstore.com\/wp-content\/uploads\/2023\/06\/uniquesito.png","width":2057,"height":1043,"caption":"UNIQUE"},"image":{"@id":"https:\/\/uniquenailsstore.com\/#\/schema\/logo\/image\/"}}]}},"_links":{"self":[{"href":"https:\/\/uniquenailsstore.com\/index.php\/wp-json\/wp\/v2\/product\/2723","targetHints":{"allow":["GET"]}}],"collection":[{"href":"https:\/\/uniquenailsstore.com\/index.php\/wp-json\/wp\/v2\/product"}],"about":[{"href":"https:\/\/uniquenailsstore.com\/index.php\/wp-json\/wp\/v2\/types\/product"}],"replies":[{"embeddable":true,"href":"https:\/\/uniquenailsstore.com\/index.php\/wp-json\/wp\/v2\/comments?post=2723"}],"version-history":[{"count":1,"href":"https:\/\/uniquenailsstore.com\/index.php\/wp-json\/wp\/v2\/product\/2723\/revisions"}],"predecessor-version":[{"id":2725,"href":"https:\/\/uniquenailsstore.com\/index.php\/wp-json\/wp\/v2\/product\/2723\/revisions\/2725"}],"wp:featuredmedia":[{"embeddable":true,"href":"https:\/\/uniquenailsstore.com\/index.php\/wp-json\/wp\/v2\/media\/2724"}],"wp:attachment":[{"href":"https:\/\/uniquenailsstore.com\/index.php\/wp-json\/wp\/v2\/media?parent=2723"}],"wp:term":[{"taxonomy":"product_cat","embeddable":true,"href":"https:\/\/uniquenailsstore.com\/index.php\/wp-json\/wp\/v2\/product_cat?post=2723"},{"taxonomy":"product_tag","embeddable":true,"href":"https:\/\/uniquenailsstore.com\/index.php\/wp-json\/wp\/v2\/product_tag?post=2723"}],"curies":[{"name":"wp","href":"https:\/\/api.w.org\/{rel}","templated":true}]}}