{"id":2711,"date":"2025-06-11T22:40:35","date_gmt":"2025-06-11T20:40:35","guid":{"rendered":"https:\/\/uniquenailsstore.com\/?post_type=product&#038;p=2711"},"modified":"2025-07-15T22:25:49","modified_gmt":"2025-07-15T20:25:49","slug":"polygel-lemon-lucerne","status":"publish","type":"product","link":"https:\/\/uniquenailsstore.com\/index.php\/prodotto\/polygel-lemon-lucerne\/","title":{"rendered":"Polygel lemon lucerne"},"content":{"rendered":"<p>Colorazione giallo limone super brillante e particolare perfetta per l\u2019estate. Pieno di glitter al suo interno,Stupendo con un bel babyboomer abbinato al Jelly princess rose per fare la sfumatura dalla cuticola. Polygel molto morbido nella lavorazione, pochissima polvere di limatura e morbido da limare come tutti i nostri polygel presenti sul sito. Nel nostro polygel c\u2019\u00e8 molto meno acrilico rispetto ad altri acrygel in commercio ed \u00e8 per questo che permette al prodotto un ottima resistenza e lavorabilit\u00e0 e sopratutto si pinza benissimo perch\u00e9 pi\u00f9 flessibile anche se rigido. Si polimerizza in 60\/120 secondi in lampada UV\/LED.<br \/>\nMade in Extra UE.<br \/>\n30\u00a0gr<\/p>\n","protected":false},"excerpt":{"rendered":"<p>Colorazione giallo limone super brillante e particolare perfetta per l\u2019estate. Pieno di glitter al suo interno,Stupendo con un bel babyboomer abbinato al Jelly princess rose per fare la sfumatura dalla cuticola.<\/p>\n","protected":false},"featured_media":2706,"comment_status":"open","ping_status":"closed","template":"","meta":{"om_disable_all_campaigns":false,"_mi_skip_tracking":false,"_monsterinsights_sitenote_active":false,"_monsterinsights_sitenote_note":"","_monsterinsights_sitenote_category":0,"_joinchat":[]},"product_cat":[20],"product_tag":[],"class_list":{"0":"post-2711","1":"product","2":"type-product","3":"status-publish","4":"has-post-thumbnail","6":"product_cat-polygel","8":"first","9":"instock","10":"shipping-taxable","11":"purchasable","12":"product-type-simple"},"yoast_head":"<!-- This site is optimized with the Yoast SEO plugin v21.1 - https:\/\/yoast.com\/wordpress\/plugins\/seo\/ -->\n<title>Polygel lemon lucerne - UNIQUE<\/title>\n<meta name=\"description\" content=\"Colorazione giallo limone super brillante e particolare perfetta per l\u2019estate. Pieno di glitter al suo interno.\" \/>\n<meta name=\"robots\" content=\"index, follow, max-snippet:-1, max-image-preview:large, max-video-preview:-1\" \/>\n<link rel=\"canonical\" href=\"https:\/\/uniquenailsstore.com\/index.php\/prodotto\/polygel-lemon-lucerne\/\" \/>\n<meta property=\"og:locale\" content=\"it_IT\" \/>\n<meta property=\"og:type\" content=\"article\" \/>\n<meta property=\"og:title\" content=\"Polygel lemon lucerne - UNIQUE\" \/>\n<meta property=\"og:description\" content=\"Colorazione giallo limone super brillante e particolare perfetta per l\u2019estate. Pieno di glitter al suo interno.\" \/>\n<meta property=\"og:url\" content=\"https:\/\/uniquenailsstore.com\/index.php\/prodotto\/polygel-lemon-lucerne\/\" \/>\n<meta property=\"og:site_name\" content=\"UNIQUE\" \/>\n<meta property=\"article:modified_time\" content=\"2025-07-15T20:25:49+00:00\" \/>\n<meta property=\"og:image\" content=\"https:\/\/uniquenailsstore.com\/wp-content\/uploads\/2025\/06\/image4-scaled.jpeg\" \/>\n\t<meta property=\"og:image:width\" content=\"1920\" \/>\n\t<meta property=\"og:image:height\" content=\"2560\" \/>\n\t<meta property=\"og:image:type\" content=\"image\/jpeg\" \/>\n<meta name=\"twitter:card\" content=\"summary_large_image\" \/>\n<meta name=\"twitter:label1\" content=\"Tempo di lettura stimato\" \/>\n\t<meta name=\"twitter:data1\" content=\"1 minuto\" \/>\n<script type=\"application\/ld+json\" class=\"yoast-schema-graph\">{\"@context\":\"https:\/\/schema.org\",\"@graph\":[{\"@type\":\"WebPage\",\"@id\":\"https:\/\/uniquenailsstore.com\/index.php\/prodotto\/polygel-lemon-lucerne\/\",\"url\":\"https:\/\/uniquenailsstore.com\/index.php\/prodotto\/polygel-lemon-lucerne\/\",\"name\":\"Polygel lemon lucerne - UNIQUE\",\"isPartOf\":{\"@id\":\"https:\/\/uniquenailsstore.com\/#website\"},\"datePublished\":\"2025-06-11T20:40:35+00:00\",\"dateModified\":\"2025-07-15T20:25:49+00:00\",\"description\":\"Colorazione giallo limone super brillante e particolare perfetta per l\u2019estate. Pieno di glitter al suo interno.\",\"breadcrumb\":{\"@id\":\"https:\/\/uniquenailsstore.com\/index.php\/prodotto\/polygel-lemon-lucerne\/#breadcrumb\"},\"inLanguage\":\"it-IT\",\"potentialAction\":[{\"@type\":\"ReadAction\",\"target\":[\"https:\/\/uniquenailsstore.com\/index.php\/prodotto\/polygel-lemon-lucerne\/\"]}]},{\"@type\":\"BreadcrumbList\",\"@id\":\"https:\/\/uniquenailsstore.com\/index.php\/prodotto\/polygel-lemon-lucerne\/#breadcrumb\",\"itemListElement\":[{\"@type\":\"ListItem\",\"position\":1,\"name\":\"Home\",\"item\":\"https:\/\/uniquenailsstore.com\/\"},{\"@type\":\"ListItem\",\"position\":2,\"name\":\"Shop\",\"item\":\"https:\/\/uniquenailsstore.com\/index.php\/negozio\/\"},{\"@type\":\"ListItem\",\"position\":3,\"name\":\"Polygel lemon lucerne\"}]},{\"@type\":\"WebSite\",\"@id\":\"https:\/\/uniquenailsstore.com\/#website\",\"url\":\"https:\/\/uniquenailsstore.com\/\",\"name\":\"UNIQUE\",\"description\":\"Vendita prodotti di qualit\u00e0 per unghie\",\"publisher\":{\"@id\":\"https:\/\/uniquenailsstore.com\/#organization\"},\"potentialAction\":[{\"@type\":\"SearchAction\",\"target\":{\"@type\":\"EntryPoint\",\"urlTemplate\":\"https:\/\/uniquenailsstore.com\/?s={search_term_string}\"},\"query-input\":\"required name=search_term_string\"}],\"inLanguage\":\"it-IT\"},{\"@type\":\"Organization\",\"@id\":\"https:\/\/uniquenailsstore.com\/#organization\",\"name\":\"UNIQUE\",\"url\":\"https:\/\/uniquenailsstore.com\/\",\"logo\":{\"@type\":\"ImageObject\",\"inLanguage\":\"it-IT\",\"@id\":\"https:\/\/uniquenailsstore.com\/#\/schema\/logo\/image\/\",\"url\":\"https:\/\/uniquenailsstore.com\/wp-content\/uploads\/2023\/06\/uniquesito.png\",\"contentUrl\":\"https:\/\/uniquenailsstore.com\/wp-content\/uploads\/2023\/06\/uniquesito.png\",\"width\":2057,\"height\":1043,\"caption\":\"UNIQUE\"},\"image\":{\"@id\":\"https:\/\/uniquenailsstore.com\/#\/schema\/logo\/image\/\"}}]}<\/script>\n<!-- \/ Yoast SEO plugin. -->","yoast_head_json":{"title":"Polygel lemon lucerne - UNIQUE","description":"Colorazione giallo limone super brillante e particolare perfetta per l\u2019estate. Pieno di glitter al suo interno.","robots":{"index":"index","follow":"follow","max-snippet":"max-snippet:-1","max-image-preview":"max-image-preview:large","max-video-preview":"max-video-preview:-1"},"canonical":"https:\/\/uniquenailsstore.com\/index.php\/prodotto\/polygel-lemon-lucerne\/","og_locale":"it_IT","og_type":"article","og_title":"Polygel lemon lucerne - UNIQUE","og_description":"Colorazione giallo limone super brillante e particolare perfetta per l\u2019estate. Pieno di glitter al suo interno.","og_url":"https:\/\/uniquenailsstore.com\/index.php\/prodotto\/polygel-lemon-lucerne\/","og_site_name":"UNIQUE","article_modified_time":"2025-07-15T20:25:49+00:00","og_image":[{"width":1920,"height":2560,"url":"https:\/\/uniquenailsstore.com\/wp-content\/uploads\/2025\/06\/image4-scaled.jpeg","type":"image\/jpeg"}],"twitter_card":"summary_large_image","twitter_misc":{"Tempo di lettura stimato":"1 minuto"},"schema":{"@context":"https:\/\/schema.org","@graph":[{"@type":"WebPage","@id":"https:\/\/uniquenailsstore.com\/index.php\/prodotto\/polygel-lemon-lucerne\/","url":"https:\/\/uniquenailsstore.com\/index.php\/prodotto\/polygel-lemon-lucerne\/","name":"Polygel lemon lucerne - UNIQUE","isPartOf":{"@id":"https:\/\/uniquenailsstore.com\/#website"},"datePublished":"2025-06-11T20:40:35+00:00","dateModified":"2025-07-15T20:25:49+00:00","description":"Colorazione giallo limone super brillante e particolare perfetta per l\u2019estate. Pieno di glitter al suo interno.","breadcrumb":{"@id":"https:\/\/uniquenailsstore.com\/index.php\/prodotto\/polygel-lemon-lucerne\/#breadcrumb"},"inLanguage":"it-IT","potentialAction":[{"@type":"ReadAction","target":["https:\/\/uniquenailsstore.com\/index.php\/prodotto\/polygel-lemon-lucerne\/"]}]},{"@type":"BreadcrumbList","@id":"https:\/\/uniquenailsstore.com\/index.php\/prodotto\/polygel-lemon-lucerne\/#breadcrumb","itemListElement":[{"@type":"ListItem","position":1,"name":"Home","item":"https:\/\/uniquenailsstore.com\/"},{"@type":"ListItem","position":2,"name":"Shop","item":"https:\/\/uniquenailsstore.com\/index.php\/negozio\/"},{"@type":"ListItem","position":3,"name":"Polygel lemon lucerne"}]},{"@type":"WebSite","@id":"https:\/\/uniquenailsstore.com\/#website","url":"https:\/\/uniquenailsstore.com\/","name":"UNIQUE","description":"Vendita prodotti di qualit\u00e0 per unghie","publisher":{"@id":"https:\/\/uniquenailsstore.com\/#organization"},"potentialAction":[{"@type":"SearchAction","target":{"@type":"EntryPoint","urlTemplate":"https:\/\/uniquenailsstore.com\/?s={search_term_string}"},"query-input":"required name=search_term_string"}],"inLanguage":"it-IT"},{"@type":"Organization","@id":"https:\/\/uniquenailsstore.com\/#organization","name":"UNIQUE","url":"https:\/\/uniquenailsstore.com\/","logo":{"@type":"ImageObject","inLanguage":"it-IT","@id":"https:\/\/uniquenailsstore.com\/#\/schema\/logo\/image\/","url":"https:\/\/uniquenailsstore.com\/wp-content\/uploads\/2023\/06\/uniquesito.png","contentUrl":"https:\/\/uniquenailsstore.com\/wp-content\/uploads\/2023\/06\/uniquesito.png","width":2057,"height":1043,"caption":"UNIQUE"},"image":{"@id":"https:\/\/uniquenailsstore.com\/#\/schema\/logo\/image\/"}}]}},"_links":{"self":[{"href":"https:\/\/uniquenailsstore.com\/index.php\/wp-json\/wp\/v2\/product\/2711","targetHints":{"allow":["GET"]}}],"collection":[{"href":"https:\/\/uniquenailsstore.com\/index.php\/wp-json\/wp\/v2\/product"}],"about":[{"href":"https:\/\/uniquenailsstore.com\/index.php\/wp-json\/wp\/v2\/types\/product"}],"replies":[{"embeddable":true,"href":"https:\/\/uniquenailsstore.com\/index.php\/wp-json\/wp\/v2\/comments?post=2711"}],"version-history":[{"count":1,"href":"https:\/\/uniquenailsstore.com\/index.php\/wp-json\/wp\/v2\/product\/2711\/revisions"}],"predecessor-version":[{"id":2712,"href":"https:\/\/uniquenailsstore.com\/index.php\/wp-json\/wp\/v2\/product\/2711\/revisions\/2712"}],"wp:featuredmedia":[{"embeddable":true,"href":"https:\/\/uniquenailsstore.com\/index.php\/wp-json\/wp\/v2\/media\/2706"}],"wp:attachment":[{"href":"https:\/\/uniquenailsstore.com\/index.php\/wp-json\/wp\/v2\/media?parent=2711"}],"wp:term":[{"taxonomy":"product_cat","embeddable":true,"href":"https:\/\/uniquenailsstore.com\/index.php\/wp-json\/wp\/v2\/product_cat?post=2711"},{"taxonomy":"product_tag","embeddable":true,"href":"https:\/\/uniquenailsstore.com\/index.php\/wp-json\/wp\/v2\/product_tag?post=2711"}],"curies":[{"name":"wp","href":"https:\/\/api.w.org\/{rel}","templated":true}]}}