{"id":2559,"date":"2025-02-18T12:55:07","date_gmt":"2025-02-18T11:55:07","guid":{"rendered":"https:\/\/uniquenailsstore.com\/?post_type=product&#038;p=2559"},"modified":"2026-04-01T16:20:27","modified_gmt":"2026-04-01T14:20:27","slug":"shine-bright-like-a-diamond","status":"publish","type":"product","link":"https:\/\/uniquenailsstore.com\/index.php\/prodotto\/shine-bright-like-a-diamond\/","title":{"rendered":"Jelly Shine bright like a diamond"},"content":{"rendered":"<p>Jelly shine bright like a diamond, lo abbiamo chiamato cos\u00ec perch\u00e9 \u00e8 un vero e proprio gioiello in quanto tempestato di glitter e scaglie, ha alcuni glitter flash all\u2019interno molto particolare. \u00c8 un costruttore trifasico ad alta densit\u00e0, rigido. Ideale per refill e ricostruzioni con nail forms, tip-dual, full-tips.Lavorabilit\u00e0 morbida e stabile. Una volta che si scalda il prodotto con il pennello diventer\u00e0 pi\u00f9 morbido da lavorare,Il gel non fila e produce poca polvere durante la fase di limatura. Non sviluppa calore in lampada durante la fase di polimerizzazione. Per ottenere maggiore aderenza alla lamina ungueale si consiglia di utilizzare prima la base rubber clear. Polimerizza in 60 secondi in lampada UV\/LED. Pinzare dopo 25 sec 50g<\/p>\n<p>Made in Extra UE.<\/p>\n<p>&nbsp;<\/p>\n","protected":false},"excerpt":{"rendered":"<p>Jelly shine bright like a diamond, lo abbiamo chiamato cos\u00ec perch\u00e9 \u00e8 un vero e proprio gioiello in quanto tempestato di glitter e scaglie, ha alcuni glitter flash all\u2019interno molto particolare. \u00c8 un costruttore trifasico ad alta densit\u00e0, rigido. Ideale per refill e ricostruzioni con nail forms, tip-dual, full-tips. Lavorabilit\u00e0 morbida e stabile.<\/p>\n<p>&nbsp;<\/p>\n","protected":false},"featured_media":2561,"comment_status":"open","ping_status":"closed","template":"","meta":{"om_disable_all_campaigns":false,"_mi_skip_tracking":false,"_monsterinsights_sitenote_active":false,"_monsterinsights_sitenote_note":"","_monsterinsights_sitenote_category":0,"_joinchat":[]},"product_cat":[26],"product_tag":[],"class_list":{"0":"post-2559","1":"product","2":"type-product","3":"status-publish","4":"has-post-thumbnail","6":"product_cat-jelly","8":"first","9":"instock","10":"shipping-taxable","11":"purchasable","12":"product-type-simple"},"yoast_head":"<!-- This site is optimized with the Yoast SEO plugin v21.1 - https:\/\/yoast.com\/wordpress\/plugins\/seo\/ -->\n<title>Jelly Shine bright like a diamond - UNIQUE<\/title>\n<meta name=\"description\" content=\"Jelly shine bright like a diamond, lo abbiamo chiamato cos\u00ec perch\u00e9 \u00e8 un vero e proprio gioiello in quanto tempestato di glitter e scaglie, ha alcuni glitter flash all\u2019interno molto particolare. \u00c8 un costruttore trifasico ad alta densit\u00e0, rigido. Ideale per refill e ricostruzioni con nail forms, tip-dual, full-tips.Lavorabilit\u00e0 morbida e stabile.\" \/>\n<meta name=\"robots\" content=\"index, follow, max-snippet:-1, max-image-preview:large, max-video-preview:-1\" \/>\n<link rel=\"canonical\" href=\"https:\/\/uniquenailsstore.com\/index.php\/prodotto\/shine-bright-like-a-diamond\/\" \/>\n<meta property=\"og:locale\" content=\"it_IT\" \/>\n<meta property=\"og:type\" content=\"article\" \/>\n<meta property=\"og:title\" content=\"Jelly Shine bright like a diamond - UNIQUE\" \/>\n<meta property=\"og:description\" content=\"Jelly shine bright like a diamond, lo abbiamo chiamato cos\u00ec perch\u00e9 \u00e8 un vero e proprio gioiello in quanto tempestato di glitter e scaglie, ha alcuni glitter flash all\u2019interno molto particolare. \u00c8 un costruttore trifasico ad alta densit\u00e0, rigido. Ideale per refill e ricostruzioni con nail forms, tip-dual, full-tips.Lavorabilit\u00e0 morbida e stabile.\" \/>\n<meta property=\"og:url\" content=\"https:\/\/uniquenailsstore.com\/index.php\/prodotto\/shine-bright-like-a-diamond\/\" \/>\n<meta property=\"og:site_name\" content=\"UNIQUE\" \/>\n<meta property=\"article:modified_time\" content=\"2026-04-01T14:20:27+00:00\" \/>\n<meta property=\"og:image\" content=\"https:\/\/uniquenailsstore.com\/wp-content\/uploads\/2025\/02\/image4.jpeg\" \/>\n\t<meta property=\"og:image:width\" content=\"1500\" \/>\n\t<meta property=\"og:image:height\" content=\"1500\" \/>\n\t<meta property=\"og:image:type\" content=\"image\/jpeg\" \/>\n<meta name=\"twitter:card\" content=\"summary_large_image\" \/>\n<meta name=\"twitter:label1\" content=\"Tempo di lettura stimato\" \/>\n\t<meta name=\"twitter:data1\" content=\"1 minuto\" \/>\n<script type=\"application\/ld+json\" class=\"yoast-schema-graph\">{\"@context\":\"https:\/\/schema.org\",\"@graph\":[{\"@type\":\"WebPage\",\"@id\":\"https:\/\/uniquenailsstore.com\/index.php\/prodotto\/shine-bright-like-a-diamond\/\",\"url\":\"https:\/\/uniquenailsstore.com\/index.php\/prodotto\/shine-bright-like-a-diamond\/\",\"name\":\"Jelly Shine bright like a diamond - UNIQUE\",\"isPartOf\":{\"@id\":\"https:\/\/uniquenailsstore.com\/#website\"},\"datePublished\":\"2025-02-18T11:55:07+00:00\",\"dateModified\":\"2026-04-01T14:20:27+00:00\",\"description\":\"Jelly shine bright like a diamond, lo abbiamo chiamato cos\u00ec perch\u00e9 \u00e8 un vero e proprio gioiello in quanto tempestato di glitter e scaglie, ha alcuni glitter flash all\u2019interno molto particolare. \u00c8 un costruttore trifasico ad alta densit\u00e0, rigido. Ideale per refill e ricostruzioni con nail forms, tip-dual, full-tips.Lavorabilit\u00e0 morbida e stabile.\",\"breadcrumb\":{\"@id\":\"https:\/\/uniquenailsstore.com\/index.php\/prodotto\/shine-bright-like-a-diamond\/#breadcrumb\"},\"inLanguage\":\"it-IT\",\"potentialAction\":[{\"@type\":\"ReadAction\",\"target\":[\"https:\/\/uniquenailsstore.com\/index.php\/prodotto\/shine-bright-like-a-diamond\/\"]}]},{\"@type\":\"BreadcrumbList\",\"@id\":\"https:\/\/uniquenailsstore.com\/index.php\/prodotto\/shine-bright-like-a-diamond\/#breadcrumb\",\"itemListElement\":[{\"@type\":\"ListItem\",\"position\":1,\"name\":\"Home\",\"item\":\"https:\/\/uniquenailsstore.com\/\"},{\"@type\":\"ListItem\",\"position\":2,\"name\":\"Shop\",\"item\":\"https:\/\/uniquenailsstore.com\/index.php\/negozio\/\"},{\"@type\":\"ListItem\",\"position\":3,\"name\":\"Jelly Shine bright like a diamond\"}]},{\"@type\":\"WebSite\",\"@id\":\"https:\/\/uniquenailsstore.com\/#website\",\"url\":\"https:\/\/uniquenailsstore.com\/\",\"name\":\"UNIQUE\",\"description\":\"Vendita prodotti di qualit\u00e0 per unghie\",\"publisher\":{\"@id\":\"https:\/\/uniquenailsstore.com\/#organization\"},\"potentialAction\":[{\"@type\":\"SearchAction\",\"target\":{\"@type\":\"EntryPoint\",\"urlTemplate\":\"https:\/\/uniquenailsstore.com\/?s={search_term_string}\"},\"query-input\":\"required name=search_term_string\"}],\"inLanguage\":\"it-IT\"},{\"@type\":\"Organization\",\"@id\":\"https:\/\/uniquenailsstore.com\/#organization\",\"name\":\"UNIQUE\",\"url\":\"https:\/\/uniquenailsstore.com\/\",\"logo\":{\"@type\":\"ImageObject\",\"inLanguage\":\"it-IT\",\"@id\":\"https:\/\/uniquenailsstore.com\/#\/schema\/logo\/image\/\",\"url\":\"https:\/\/uniquenailsstore.com\/wp-content\/uploads\/2023\/06\/uniquesito.png\",\"contentUrl\":\"https:\/\/uniquenailsstore.com\/wp-content\/uploads\/2023\/06\/uniquesito.png\",\"width\":2057,\"height\":1043,\"caption\":\"UNIQUE\"},\"image\":{\"@id\":\"https:\/\/uniquenailsstore.com\/#\/schema\/logo\/image\/\"}}]}<\/script>\n<!-- \/ Yoast SEO plugin. -->","yoast_head_json":{"title":"Jelly Shine bright like a diamond - UNIQUE","description":"Jelly shine bright like a diamond, lo abbiamo chiamato cos\u00ec perch\u00e9 \u00e8 un vero e proprio gioiello in quanto tempestato di glitter e scaglie, ha alcuni glitter flash all\u2019interno molto particolare. \u00c8 un costruttore trifasico ad alta densit\u00e0, rigido. Ideale per refill e ricostruzioni con nail forms, tip-dual, full-tips.Lavorabilit\u00e0 morbida e stabile.","robots":{"index":"index","follow":"follow","max-snippet":"max-snippet:-1","max-image-preview":"max-image-preview:large","max-video-preview":"max-video-preview:-1"},"canonical":"https:\/\/uniquenailsstore.com\/index.php\/prodotto\/shine-bright-like-a-diamond\/","og_locale":"it_IT","og_type":"article","og_title":"Jelly Shine bright like a diamond - UNIQUE","og_description":"Jelly shine bright like a diamond, lo abbiamo chiamato cos\u00ec perch\u00e9 \u00e8 un vero e proprio gioiello in quanto tempestato di glitter e scaglie, ha alcuni glitter flash all\u2019interno molto particolare. \u00c8 un costruttore trifasico ad alta densit\u00e0, rigido. Ideale per refill e ricostruzioni con nail forms, tip-dual, full-tips.Lavorabilit\u00e0 morbida e stabile.","og_url":"https:\/\/uniquenailsstore.com\/index.php\/prodotto\/shine-bright-like-a-diamond\/","og_site_name":"UNIQUE","article_modified_time":"2026-04-01T14:20:27+00:00","og_image":[{"width":1500,"height":1500,"url":"https:\/\/uniquenailsstore.com\/wp-content\/uploads\/2025\/02\/image4.jpeg","type":"image\/jpeg"}],"twitter_card":"summary_large_image","twitter_misc":{"Tempo di lettura stimato":"1 minuto"},"schema":{"@context":"https:\/\/schema.org","@graph":[{"@type":"WebPage","@id":"https:\/\/uniquenailsstore.com\/index.php\/prodotto\/shine-bright-like-a-diamond\/","url":"https:\/\/uniquenailsstore.com\/index.php\/prodotto\/shine-bright-like-a-diamond\/","name":"Jelly Shine bright like a diamond - UNIQUE","isPartOf":{"@id":"https:\/\/uniquenailsstore.com\/#website"},"datePublished":"2025-02-18T11:55:07+00:00","dateModified":"2026-04-01T14:20:27+00:00","description":"Jelly shine bright like a diamond, lo abbiamo chiamato cos\u00ec perch\u00e9 \u00e8 un vero e proprio gioiello in quanto tempestato di glitter e scaglie, ha alcuni glitter flash all\u2019interno molto particolare. \u00c8 un costruttore trifasico ad alta densit\u00e0, rigido. Ideale per refill e ricostruzioni con nail forms, tip-dual, full-tips.Lavorabilit\u00e0 morbida e stabile.","breadcrumb":{"@id":"https:\/\/uniquenailsstore.com\/index.php\/prodotto\/shine-bright-like-a-diamond\/#breadcrumb"},"inLanguage":"it-IT","potentialAction":[{"@type":"ReadAction","target":["https:\/\/uniquenailsstore.com\/index.php\/prodotto\/shine-bright-like-a-diamond\/"]}]},{"@type":"BreadcrumbList","@id":"https:\/\/uniquenailsstore.com\/index.php\/prodotto\/shine-bright-like-a-diamond\/#breadcrumb","itemListElement":[{"@type":"ListItem","position":1,"name":"Home","item":"https:\/\/uniquenailsstore.com\/"},{"@type":"ListItem","position":2,"name":"Shop","item":"https:\/\/uniquenailsstore.com\/index.php\/negozio\/"},{"@type":"ListItem","position":3,"name":"Jelly Shine bright like a diamond"}]},{"@type":"WebSite","@id":"https:\/\/uniquenailsstore.com\/#website","url":"https:\/\/uniquenailsstore.com\/","name":"UNIQUE","description":"Vendita prodotti di qualit\u00e0 per unghie","publisher":{"@id":"https:\/\/uniquenailsstore.com\/#organization"},"potentialAction":[{"@type":"SearchAction","target":{"@type":"EntryPoint","urlTemplate":"https:\/\/uniquenailsstore.com\/?s={search_term_string}"},"query-input":"required name=search_term_string"}],"inLanguage":"it-IT"},{"@type":"Organization","@id":"https:\/\/uniquenailsstore.com\/#organization","name":"UNIQUE","url":"https:\/\/uniquenailsstore.com\/","logo":{"@type":"ImageObject","inLanguage":"it-IT","@id":"https:\/\/uniquenailsstore.com\/#\/schema\/logo\/image\/","url":"https:\/\/uniquenailsstore.com\/wp-content\/uploads\/2023\/06\/uniquesito.png","contentUrl":"https:\/\/uniquenailsstore.com\/wp-content\/uploads\/2023\/06\/uniquesito.png","width":2057,"height":1043,"caption":"UNIQUE"},"image":{"@id":"https:\/\/uniquenailsstore.com\/#\/schema\/logo\/image\/"}}]}},"_links":{"self":[{"href":"https:\/\/uniquenailsstore.com\/index.php\/wp-json\/wp\/v2\/product\/2559","targetHints":{"allow":["GET"]}}],"collection":[{"href":"https:\/\/uniquenailsstore.com\/index.php\/wp-json\/wp\/v2\/product"}],"about":[{"href":"https:\/\/uniquenailsstore.com\/index.php\/wp-json\/wp\/v2\/types\/product"}],"replies":[{"embeddable":true,"href":"https:\/\/uniquenailsstore.com\/index.php\/wp-json\/wp\/v2\/comments?post=2559"}],"version-history":[{"count":3,"href":"https:\/\/uniquenailsstore.com\/index.php\/wp-json\/wp\/v2\/product\/2559\/revisions"}],"predecessor-version":[{"id":2573,"href":"https:\/\/uniquenailsstore.com\/index.php\/wp-json\/wp\/v2\/product\/2559\/revisions\/2573"}],"wp:featuredmedia":[{"embeddable":true,"href":"https:\/\/uniquenailsstore.com\/index.php\/wp-json\/wp\/v2\/media\/2561"}],"wp:attachment":[{"href":"https:\/\/uniquenailsstore.com\/index.php\/wp-json\/wp\/v2\/media?parent=2559"}],"wp:term":[{"taxonomy":"product_cat","embeddable":true,"href":"https:\/\/uniquenailsstore.com\/index.php\/wp-json\/wp\/v2\/product_cat?post=2559"},{"taxonomy":"product_tag","embeddable":true,"href":"https:\/\/uniquenailsstore.com\/index.php\/wp-json\/wp\/v2\/product_tag?post=2559"}],"curies":[{"name":"wp","href":"https:\/\/api.w.org\/{rel}","templated":true}]}}