{"id":2320,"date":"2024-09-22T20:26:01","date_gmt":"2024-09-22T18:26:01","guid":{"rendered":"https:\/\/uniquenailsstore.com\/?post_type=product&#038;p=2320"},"modified":"2026-01-21T23:43:53","modified_gmt":"2026-01-21T22:43:53","slug":"autumn-collection-reflective","status":"publish","type":"product","link":"https:\/\/uniquenailsstore.com\/index.php\/prodotto\/autumn-collection-reflective\/","title":{"rendered":"Autumn collection reflective"},"content":{"rendered":"<p>Autumn collection reflective \u00e8 la new entry in casa Unique \u00e8 composta da 12 nuance super autunnali, sfumabilissimi tra di loro. Sono perfetti per fare anche i degrad\u00e8 visto che sono abbinabilissimi fra di loro. I gel polish riflettenti altamente pigmentati sono tempestati di glitter che li rende ancora pi\u00f9 particolari, come ogni colore riflettente con il flash del telefono o faretti brillano da morire! Sono 12 gel polish tutti da 15ml, vi verranno inviati in un cofanetto molto particolare e i colori saranno incastonati al loro interno, insieme al cofanetto vi arriver\u00e0 questo carinissimo espositore con le tip gi\u00e0 stese con i colori da far vedere alla vostra clientela.<\/p>\n<p>Made in Extra UE<\/p>\n","protected":false},"excerpt":{"rendered":"<p>Autumn collection reflective \u00e8 la new entry in casa Unique \u00e8 composta da 12 nuance super autunnali, sfumabilissimi tra di loro. Sono perfetti per fare anche i degrad\u00e8 visto che sono abbinabilissimi fra di loro. I gel polish riflettenti altamente pigmentati sono tempestati di glitter che li rende ancora pi\u00f9 particolari, come ogni colore riflettente con il flash del telefono o faretti brillano da morire!<\/p>\n","protected":false},"featured_media":2321,"comment_status":"open","ping_status":"closed","template":"","meta":{"om_disable_all_campaigns":false,"_mi_skip_tracking":false,"_monsterinsights_sitenote_active":false,"_monsterinsights_sitenote_note":"","_monsterinsights_sitenote_category":0,"_joinchat":[]},"product_cat":[41],"product_tag":[],"class_list":{"0":"post-2320","1":"product","2":"type-product","3":"status-publish","4":"has-post-thumbnail","6":"product_cat-gel-polish","8":"first","9":"instock","10":"shipping-taxable","11":"purchasable","12":"product-type-simple"},"yoast_head":"<!-- This site is optimized with the Yoast SEO plugin v21.1 - https:\/\/yoast.com\/wordpress\/plugins\/seo\/ -->\n<title>Autumn collection reflective - UNIQUE<\/title>\n<meta name=\"description\" content=\"Autumn collection reflective \u00e8 la new entry in casa Unique \u00e8 composta da 12 nuance super autunnali, sfumabilissimi tra di loro.\" \/>\n<meta name=\"robots\" content=\"index, follow, max-snippet:-1, max-image-preview:large, max-video-preview:-1\" \/>\n<link rel=\"canonical\" href=\"https:\/\/uniquenailsstore.com\/index.php\/prodotto\/autumn-collection-reflective\/\" \/>\n<meta property=\"og:locale\" content=\"it_IT\" \/>\n<meta property=\"og:type\" content=\"article\" \/>\n<meta property=\"og:title\" content=\"Autumn collection reflective - UNIQUE\" \/>\n<meta property=\"og:description\" content=\"Autumn collection reflective \u00e8 la new entry in casa Unique \u00e8 composta da 12 nuance super autunnali, sfumabilissimi tra di loro.\" \/>\n<meta property=\"og:url\" content=\"https:\/\/uniquenailsstore.com\/index.php\/prodotto\/autumn-collection-reflective\/\" \/>\n<meta property=\"og:site_name\" content=\"UNIQUE\" \/>\n<meta property=\"article:modified_time\" content=\"2026-01-21T22:43:53+00:00\" \/>\n<meta property=\"og:image\" content=\"https:\/\/uniquenailsstore.com\/wp-content\/uploads\/2024\/09\/image0-683x1024.png\" \/>\n\t<meta property=\"og:image:width\" content=\"683\" \/>\n\t<meta property=\"og:image:height\" content=\"1024\" \/>\n\t<meta property=\"og:image:type\" content=\"image\/png\" \/>\n<meta name=\"twitter:card\" content=\"summary_large_image\" \/>\n<meta name=\"twitter:label1\" content=\"Tempo di lettura stimato\" \/>\n\t<meta name=\"twitter:data1\" content=\"1 minuto\" \/>\n<script type=\"application\/ld+json\" class=\"yoast-schema-graph\">{\"@context\":\"https:\/\/schema.org\",\"@graph\":[{\"@type\":\"WebPage\",\"@id\":\"https:\/\/uniquenailsstore.com\/index.php\/prodotto\/autumn-collection-reflective\/\",\"url\":\"https:\/\/uniquenailsstore.com\/index.php\/prodotto\/autumn-collection-reflective\/\",\"name\":\"Autumn collection reflective - UNIQUE\",\"isPartOf\":{\"@id\":\"https:\/\/uniquenailsstore.com\/#website\"},\"datePublished\":\"2024-09-22T18:26:01+00:00\",\"dateModified\":\"2026-01-21T22:43:53+00:00\",\"description\":\"Autumn collection reflective \u00e8 la new entry in casa Unique \u00e8 composta da 12 nuance super autunnali, sfumabilissimi tra di loro.\",\"breadcrumb\":{\"@id\":\"https:\/\/uniquenailsstore.com\/index.php\/prodotto\/autumn-collection-reflective\/#breadcrumb\"},\"inLanguage\":\"it-IT\",\"potentialAction\":[{\"@type\":\"ReadAction\",\"target\":[\"https:\/\/uniquenailsstore.com\/index.php\/prodotto\/autumn-collection-reflective\/\"]}]},{\"@type\":\"BreadcrumbList\",\"@id\":\"https:\/\/uniquenailsstore.com\/index.php\/prodotto\/autumn-collection-reflective\/#breadcrumb\",\"itemListElement\":[{\"@type\":\"ListItem\",\"position\":1,\"name\":\"Home\",\"item\":\"https:\/\/uniquenailsstore.com\/\"},{\"@type\":\"ListItem\",\"position\":2,\"name\":\"Shop\",\"item\":\"https:\/\/uniquenailsstore.com\/index.php\/negozio\/\"},{\"@type\":\"ListItem\",\"position\":3,\"name\":\"Autumn collection reflective\"}]},{\"@type\":\"WebSite\",\"@id\":\"https:\/\/uniquenailsstore.com\/#website\",\"url\":\"https:\/\/uniquenailsstore.com\/\",\"name\":\"UNIQUE\",\"description\":\"Vendita prodotti di qualit\u00e0 per unghie\",\"publisher\":{\"@id\":\"https:\/\/uniquenailsstore.com\/#organization\"},\"potentialAction\":[{\"@type\":\"SearchAction\",\"target\":{\"@type\":\"EntryPoint\",\"urlTemplate\":\"https:\/\/uniquenailsstore.com\/?s={search_term_string}\"},\"query-input\":\"required name=search_term_string\"}],\"inLanguage\":\"it-IT\"},{\"@type\":\"Organization\",\"@id\":\"https:\/\/uniquenailsstore.com\/#organization\",\"name\":\"UNIQUE\",\"url\":\"https:\/\/uniquenailsstore.com\/\",\"logo\":{\"@type\":\"ImageObject\",\"inLanguage\":\"it-IT\",\"@id\":\"https:\/\/uniquenailsstore.com\/#\/schema\/logo\/image\/\",\"url\":\"https:\/\/uniquenailsstore.com\/wp-content\/uploads\/2023\/06\/uniquesito.png\",\"contentUrl\":\"https:\/\/uniquenailsstore.com\/wp-content\/uploads\/2023\/06\/uniquesito.png\",\"width\":2057,\"height\":1043,\"caption\":\"UNIQUE\"},\"image\":{\"@id\":\"https:\/\/uniquenailsstore.com\/#\/schema\/logo\/image\/\"}}]}<\/script>\n<!-- \/ Yoast SEO plugin. -->","yoast_head_json":{"title":"Autumn collection reflective - UNIQUE","description":"Autumn collection reflective \u00e8 la new entry in casa Unique \u00e8 composta da 12 nuance super autunnali, sfumabilissimi tra di loro.","robots":{"index":"index","follow":"follow","max-snippet":"max-snippet:-1","max-image-preview":"max-image-preview:large","max-video-preview":"max-video-preview:-1"},"canonical":"https:\/\/uniquenailsstore.com\/index.php\/prodotto\/autumn-collection-reflective\/","og_locale":"it_IT","og_type":"article","og_title":"Autumn collection reflective - UNIQUE","og_description":"Autumn collection reflective \u00e8 la new entry in casa Unique \u00e8 composta da 12 nuance super autunnali, sfumabilissimi tra di loro.","og_url":"https:\/\/uniquenailsstore.com\/index.php\/prodotto\/autumn-collection-reflective\/","og_site_name":"UNIQUE","article_modified_time":"2026-01-21T22:43:53+00:00","og_image":[{"width":683,"height":1024,"url":"https:\/\/uniquenailsstore.com\/wp-content\/uploads\/2024\/09\/image0-683x1024.png","type":"image\/png"}],"twitter_card":"summary_large_image","twitter_misc":{"Tempo di lettura stimato":"1 minuto"},"schema":{"@context":"https:\/\/schema.org","@graph":[{"@type":"WebPage","@id":"https:\/\/uniquenailsstore.com\/index.php\/prodotto\/autumn-collection-reflective\/","url":"https:\/\/uniquenailsstore.com\/index.php\/prodotto\/autumn-collection-reflective\/","name":"Autumn collection reflective - UNIQUE","isPartOf":{"@id":"https:\/\/uniquenailsstore.com\/#website"},"datePublished":"2024-09-22T18:26:01+00:00","dateModified":"2026-01-21T22:43:53+00:00","description":"Autumn collection reflective \u00e8 la new entry in casa Unique \u00e8 composta da 12 nuance super autunnali, sfumabilissimi tra di loro.","breadcrumb":{"@id":"https:\/\/uniquenailsstore.com\/index.php\/prodotto\/autumn-collection-reflective\/#breadcrumb"},"inLanguage":"it-IT","potentialAction":[{"@type":"ReadAction","target":["https:\/\/uniquenailsstore.com\/index.php\/prodotto\/autumn-collection-reflective\/"]}]},{"@type":"BreadcrumbList","@id":"https:\/\/uniquenailsstore.com\/index.php\/prodotto\/autumn-collection-reflective\/#breadcrumb","itemListElement":[{"@type":"ListItem","position":1,"name":"Home","item":"https:\/\/uniquenailsstore.com\/"},{"@type":"ListItem","position":2,"name":"Shop","item":"https:\/\/uniquenailsstore.com\/index.php\/negozio\/"},{"@type":"ListItem","position":3,"name":"Autumn collection reflective"}]},{"@type":"WebSite","@id":"https:\/\/uniquenailsstore.com\/#website","url":"https:\/\/uniquenailsstore.com\/","name":"UNIQUE","description":"Vendita prodotti di qualit\u00e0 per unghie","publisher":{"@id":"https:\/\/uniquenailsstore.com\/#organization"},"potentialAction":[{"@type":"SearchAction","target":{"@type":"EntryPoint","urlTemplate":"https:\/\/uniquenailsstore.com\/?s={search_term_string}"},"query-input":"required name=search_term_string"}],"inLanguage":"it-IT"},{"@type":"Organization","@id":"https:\/\/uniquenailsstore.com\/#organization","name":"UNIQUE","url":"https:\/\/uniquenailsstore.com\/","logo":{"@type":"ImageObject","inLanguage":"it-IT","@id":"https:\/\/uniquenailsstore.com\/#\/schema\/logo\/image\/","url":"https:\/\/uniquenailsstore.com\/wp-content\/uploads\/2023\/06\/uniquesito.png","contentUrl":"https:\/\/uniquenailsstore.com\/wp-content\/uploads\/2023\/06\/uniquesito.png","width":2057,"height":1043,"caption":"UNIQUE"},"image":{"@id":"https:\/\/uniquenailsstore.com\/#\/schema\/logo\/image\/"}}]}},"_links":{"self":[{"href":"https:\/\/uniquenailsstore.com\/index.php\/wp-json\/wp\/v2\/product\/2320","targetHints":{"allow":["GET"]}}],"collection":[{"href":"https:\/\/uniquenailsstore.com\/index.php\/wp-json\/wp\/v2\/product"}],"about":[{"href":"https:\/\/uniquenailsstore.com\/index.php\/wp-json\/wp\/v2\/types\/product"}],"replies":[{"embeddable":true,"href":"https:\/\/uniquenailsstore.com\/index.php\/wp-json\/wp\/v2\/comments?post=2320"}],"version-history":[{"count":3,"href":"https:\/\/uniquenailsstore.com\/index.php\/wp-json\/wp\/v2\/product\/2320\/revisions"}],"predecessor-version":[{"id":2325,"href":"https:\/\/uniquenailsstore.com\/index.php\/wp-json\/wp\/v2\/product\/2320\/revisions\/2325"}],"wp:featuredmedia":[{"embeddable":true,"href":"https:\/\/uniquenailsstore.com\/index.php\/wp-json\/wp\/v2\/media\/2321"}],"wp:attachment":[{"href":"https:\/\/uniquenailsstore.com\/index.php\/wp-json\/wp\/v2\/media?parent=2320"}],"wp:term":[{"taxonomy":"product_cat","embeddable":true,"href":"https:\/\/uniquenailsstore.com\/index.php\/wp-json\/wp\/v2\/product_cat?post=2320"},{"taxonomy":"product_tag","embeddable":true,"href":"https:\/\/uniquenailsstore.com\/index.php\/wp-json\/wp\/v2\/product_tag?post=2320"}],"curies":[{"name":"wp","href":"https:\/\/api.w.org\/{rel}","templated":true}]}}