{"id":2148,"date":"2024-06-26T01:16:17","date_gmt":"2024-06-25T23:16:17","guid":{"rendered":"https:\/\/uniquenailsstore.com\/?post_type=product&#038;p=2148"},"modified":"2025-08-19T11:51:30","modified_gmt":"2025-08-19T09:51:30","slug":"ibiza-summer-collection","status":"publish","type":"product","link":"https:\/\/uniquenailsstore.com\/index.php\/prodotto\/ibiza-summer-collection\/","title":{"rendered":"IBIZA SUMMER COLLECTION"},"content":{"rendered":"<p>IBIZA SUMMER COLLECTION L\u2019estate \u00e8 da sempre una delle stagioni pi\u00f9 amate di tutte. Anche i colori sono pi\u00f9 utilizzati, sia nella moda che nella cosmesi. Per tutti gli amanti di questa stagione , esiste ora un\u2019opzione perfetta per collezionare le migliori sfumature pi\u00f9 estive che mai : una box composta da 9 colori semipermanenti con tonalit\u00e0 diverse riflettenti. Questo set offre una vasta gamma di colori, dal rosa pi\u00f9 delicato al pi\u00f9 intenso come il colore smeraldo tutti caratterizzati da un effetto brillante che doner\u00e0 alle unghie un aspetto elegante e sofisticato. Grazie alla loro formulazione semipermanente, questi smalti garantiscono un\u2019ottima tenuta e una lunga durata, permettendo di sfoggiare manicure impeccabili per diverse settimane. Inoltre, la possibilit\u00e0 di avere a disposizione 9 diverse tonalit\u00e0 di colori che si abbinano tra loro , permette di sperimentare e creare infinite combinazioni e look diversi, adatti ad ogni occasione e personalit\u00e0.<\/p>\n","protected":false},"excerpt":{"rendered":"<p>IBIZA SUMMER COLLECTION L\u2019estate \u00e8 da sempre una delle stagioni pi\u00f9 amate di tutte. Anche i colori sono pi\u00f9 utilizzati, sia nella moda che nella cosmesi. Per tutti gli amanti di questa stagione , esiste ora un\u2019opzione perfetta per collezionare le migliori sfumature pi\u00f9 estive che mai : una box composta da 9 colori semipermanenti con tonalit\u00e0 diverse riflettenti.<\/p>\n","protected":false},"featured_media":2088,"comment_status":"open","ping_status":"closed","template":"","meta":{"om_disable_all_campaigns":false,"_mi_skip_tracking":false,"_monsterinsights_sitenote_active":false,"_monsterinsights_sitenote_note":"","_monsterinsights_sitenote_category":0,"_joinchat":[]},"product_cat":[41],"product_tag":[],"class_list":{"0":"post-2148","1":"product","2":"type-product","3":"status-publish","4":"has-post-thumbnail","6":"product_cat-gel-polish","8":"first","9":"outofstock","10":"shipping-taxable","11":"purchasable","12":"product-type-simple"},"yoast_head":"<!-- This site is optimized with the Yoast SEO plugin v21.1 - https:\/\/yoast.com\/wordpress\/plugins\/seo\/ -->\n<title>IBIZA SUMMER COLLECTION - UNIQUE<\/title>\n<meta name=\"description\" content=\"IBIZA SUMMER COLLECTION L\u2019estate \u00e8 da sempre una delle stagioni pi\u00f9 amate di tutte. Anche i colori sono pi\u00f9 utilizzati, sia nella moda che nella cosmesi. Per tutti gli amanti di questa stagione , esiste ora un\u2019opzione perfetta per collezionare le migliori sfumature pi\u00f9 estive che mai : una box composta da 9 colori semipermanenti con tonalit\u00e0 diverse riflettenti.\" \/>\n<meta name=\"robots\" content=\"index, follow, max-snippet:-1, max-image-preview:large, max-video-preview:-1\" \/>\n<link rel=\"canonical\" href=\"https:\/\/uniquenailsstore.com\/index.php\/prodotto\/ibiza-summer-collection\/\" \/>\n<meta property=\"og:locale\" content=\"it_IT\" \/>\n<meta property=\"og:type\" content=\"article\" \/>\n<meta property=\"og:title\" content=\"IBIZA SUMMER COLLECTION - UNIQUE\" \/>\n<meta property=\"og:description\" content=\"IBIZA SUMMER COLLECTION L\u2019estate \u00e8 da sempre una delle stagioni pi\u00f9 amate di tutte. Anche i colori sono pi\u00f9 utilizzati, sia nella moda che nella cosmesi. Per tutti gli amanti di questa stagione , esiste ora un\u2019opzione perfetta per collezionare le migliori sfumature pi\u00f9 estive che mai : una box composta da 9 colori semipermanenti con tonalit\u00e0 diverse riflettenti.\" \/>\n<meta property=\"og:url\" content=\"https:\/\/uniquenailsstore.com\/index.php\/prodotto\/ibiza-summer-collection\/\" \/>\n<meta property=\"og:site_name\" content=\"UNIQUE\" \/>\n<meta property=\"article:modified_time\" content=\"2025-08-19T09:51:30+00:00\" \/>\n<meta property=\"og:image\" content=\"https:\/\/uniquenailsstore.com\/wp-content\/uploads\/2024\/06\/ibiza.jpg\" \/>\n\t<meta property=\"og:image:width\" content=\"1500\" \/>\n\t<meta property=\"og:image:height\" content=\"1500\" \/>\n\t<meta property=\"og:image:type\" content=\"image\/jpeg\" \/>\n<meta name=\"twitter:card\" content=\"summary_large_image\" \/>\n<meta name=\"twitter:label1\" content=\"Tempo di lettura stimato\" \/>\n\t<meta name=\"twitter:data1\" content=\"1 minuto\" \/>\n<script type=\"application\/ld+json\" class=\"yoast-schema-graph\">{\"@context\":\"https:\/\/schema.org\",\"@graph\":[{\"@type\":\"WebPage\",\"@id\":\"https:\/\/uniquenailsstore.com\/index.php\/prodotto\/ibiza-summer-collection\/\",\"url\":\"https:\/\/uniquenailsstore.com\/index.php\/prodotto\/ibiza-summer-collection\/\",\"name\":\"IBIZA SUMMER COLLECTION - UNIQUE\",\"isPartOf\":{\"@id\":\"https:\/\/uniquenailsstore.com\/#website\"},\"datePublished\":\"2024-06-25T23:16:17+00:00\",\"dateModified\":\"2025-08-19T09:51:30+00:00\",\"description\":\"IBIZA SUMMER COLLECTION L\u2019estate \u00e8 da sempre una delle stagioni pi\u00f9 amate di tutte. Anche i colori sono pi\u00f9 utilizzati, sia nella moda che nella cosmesi. Per tutti gli amanti di questa stagione , esiste ora un\u2019opzione perfetta per collezionare le migliori sfumature pi\u00f9 estive che mai : una box composta da 9 colori semipermanenti con tonalit\u00e0 diverse riflettenti.\",\"breadcrumb\":{\"@id\":\"https:\/\/uniquenailsstore.com\/index.php\/prodotto\/ibiza-summer-collection\/#breadcrumb\"},\"inLanguage\":\"it-IT\",\"potentialAction\":[{\"@type\":\"ReadAction\",\"target\":[\"https:\/\/uniquenailsstore.com\/index.php\/prodotto\/ibiza-summer-collection\/\"]}]},{\"@type\":\"BreadcrumbList\",\"@id\":\"https:\/\/uniquenailsstore.com\/index.php\/prodotto\/ibiza-summer-collection\/#breadcrumb\",\"itemListElement\":[{\"@type\":\"ListItem\",\"position\":1,\"name\":\"Home\",\"item\":\"https:\/\/uniquenailsstore.com\/\"},{\"@type\":\"ListItem\",\"position\":2,\"name\":\"Shop\",\"item\":\"https:\/\/uniquenailsstore.com\/index.php\/negozio\/\"},{\"@type\":\"ListItem\",\"position\":3,\"name\":\"IBIZA SUMMER COLLECTION\"}]},{\"@type\":\"WebSite\",\"@id\":\"https:\/\/uniquenailsstore.com\/#website\",\"url\":\"https:\/\/uniquenailsstore.com\/\",\"name\":\"UNIQUE\",\"description\":\"Vendita prodotti di qualit\u00e0 per unghie\",\"publisher\":{\"@id\":\"https:\/\/uniquenailsstore.com\/#organization\"},\"potentialAction\":[{\"@type\":\"SearchAction\",\"target\":{\"@type\":\"EntryPoint\",\"urlTemplate\":\"https:\/\/uniquenailsstore.com\/?s={search_term_string}\"},\"query-input\":\"required name=search_term_string\"}],\"inLanguage\":\"it-IT\"},{\"@type\":\"Organization\",\"@id\":\"https:\/\/uniquenailsstore.com\/#organization\",\"name\":\"UNIQUE\",\"url\":\"https:\/\/uniquenailsstore.com\/\",\"logo\":{\"@type\":\"ImageObject\",\"inLanguage\":\"it-IT\",\"@id\":\"https:\/\/uniquenailsstore.com\/#\/schema\/logo\/image\/\",\"url\":\"https:\/\/uniquenailsstore.com\/wp-content\/uploads\/2023\/06\/uniquesito.png\",\"contentUrl\":\"https:\/\/uniquenailsstore.com\/wp-content\/uploads\/2023\/06\/uniquesito.png\",\"width\":2057,\"height\":1043,\"caption\":\"UNIQUE\"},\"image\":{\"@id\":\"https:\/\/uniquenailsstore.com\/#\/schema\/logo\/image\/\"}}]}<\/script>\n<!-- \/ Yoast SEO plugin. -->","yoast_head_json":{"title":"IBIZA SUMMER COLLECTION - UNIQUE","description":"IBIZA SUMMER COLLECTION L\u2019estate \u00e8 da sempre una delle stagioni pi\u00f9 amate di tutte. Anche i colori sono pi\u00f9 utilizzati, sia nella moda che nella cosmesi. Per tutti gli amanti di questa stagione , esiste ora un\u2019opzione perfetta per collezionare le migliori sfumature pi\u00f9 estive che mai : una box composta da 9 colori semipermanenti con tonalit\u00e0 diverse riflettenti.","robots":{"index":"index","follow":"follow","max-snippet":"max-snippet:-1","max-image-preview":"max-image-preview:large","max-video-preview":"max-video-preview:-1"},"canonical":"https:\/\/uniquenailsstore.com\/index.php\/prodotto\/ibiza-summer-collection\/","og_locale":"it_IT","og_type":"article","og_title":"IBIZA SUMMER COLLECTION - UNIQUE","og_description":"IBIZA SUMMER COLLECTION L\u2019estate \u00e8 da sempre una delle stagioni pi\u00f9 amate di tutte. Anche i colori sono pi\u00f9 utilizzati, sia nella moda che nella cosmesi. Per tutti gli amanti di questa stagione , esiste ora un\u2019opzione perfetta per collezionare le migliori sfumature pi\u00f9 estive che mai : una box composta da 9 colori semipermanenti con tonalit\u00e0 diverse riflettenti.","og_url":"https:\/\/uniquenailsstore.com\/index.php\/prodotto\/ibiza-summer-collection\/","og_site_name":"UNIQUE","article_modified_time":"2025-08-19T09:51:30+00:00","og_image":[{"width":1500,"height":1500,"url":"https:\/\/uniquenailsstore.com\/wp-content\/uploads\/2024\/06\/ibiza.jpg","type":"image\/jpeg"}],"twitter_card":"summary_large_image","twitter_misc":{"Tempo di lettura stimato":"1 minuto"},"schema":{"@context":"https:\/\/schema.org","@graph":[{"@type":"WebPage","@id":"https:\/\/uniquenailsstore.com\/index.php\/prodotto\/ibiza-summer-collection\/","url":"https:\/\/uniquenailsstore.com\/index.php\/prodotto\/ibiza-summer-collection\/","name":"IBIZA SUMMER COLLECTION - UNIQUE","isPartOf":{"@id":"https:\/\/uniquenailsstore.com\/#website"},"datePublished":"2024-06-25T23:16:17+00:00","dateModified":"2025-08-19T09:51:30+00:00","description":"IBIZA SUMMER COLLECTION L\u2019estate \u00e8 da sempre una delle stagioni pi\u00f9 amate di tutte. Anche i colori sono pi\u00f9 utilizzati, sia nella moda che nella cosmesi. Per tutti gli amanti di questa stagione , esiste ora un\u2019opzione perfetta per collezionare le migliori sfumature pi\u00f9 estive che mai : una box composta da 9 colori semipermanenti con tonalit\u00e0 diverse riflettenti.","breadcrumb":{"@id":"https:\/\/uniquenailsstore.com\/index.php\/prodotto\/ibiza-summer-collection\/#breadcrumb"},"inLanguage":"it-IT","potentialAction":[{"@type":"ReadAction","target":["https:\/\/uniquenailsstore.com\/index.php\/prodotto\/ibiza-summer-collection\/"]}]},{"@type":"BreadcrumbList","@id":"https:\/\/uniquenailsstore.com\/index.php\/prodotto\/ibiza-summer-collection\/#breadcrumb","itemListElement":[{"@type":"ListItem","position":1,"name":"Home","item":"https:\/\/uniquenailsstore.com\/"},{"@type":"ListItem","position":2,"name":"Shop","item":"https:\/\/uniquenailsstore.com\/index.php\/negozio\/"},{"@type":"ListItem","position":3,"name":"IBIZA SUMMER COLLECTION"}]},{"@type":"WebSite","@id":"https:\/\/uniquenailsstore.com\/#website","url":"https:\/\/uniquenailsstore.com\/","name":"UNIQUE","description":"Vendita prodotti di qualit\u00e0 per unghie","publisher":{"@id":"https:\/\/uniquenailsstore.com\/#organization"},"potentialAction":[{"@type":"SearchAction","target":{"@type":"EntryPoint","urlTemplate":"https:\/\/uniquenailsstore.com\/?s={search_term_string}"},"query-input":"required name=search_term_string"}],"inLanguage":"it-IT"},{"@type":"Organization","@id":"https:\/\/uniquenailsstore.com\/#organization","name":"UNIQUE","url":"https:\/\/uniquenailsstore.com\/","logo":{"@type":"ImageObject","inLanguage":"it-IT","@id":"https:\/\/uniquenailsstore.com\/#\/schema\/logo\/image\/","url":"https:\/\/uniquenailsstore.com\/wp-content\/uploads\/2023\/06\/uniquesito.png","contentUrl":"https:\/\/uniquenailsstore.com\/wp-content\/uploads\/2023\/06\/uniquesito.png","width":2057,"height":1043,"caption":"UNIQUE"},"image":{"@id":"https:\/\/uniquenailsstore.com\/#\/schema\/logo\/image\/"}}]}},"_links":{"self":[{"href":"https:\/\/uniquenailsstore.com\/index.php\/wp-json\/wp\/v2\/product\/2148","targetHints":{"allow":["GET"]}}],"collection":[{"href":"https:\/\/uniquenailsstore.com\/index.php\/wp-json\/wp\/v2\/product"}],"about":[{"href":"https:\/\/uniquenailsstore.com\/index.php\/wp-json\/wp\/v2\/types\/product"}],"replies":[{"embeddable":true,"href":"https:\/\/uniquenailsstore.com\/index.php\/wp-json\/wp\/v2\/comments?post=2148"}],"version-history":[{"count":1,"href":"https:\/\/uniquenailsstore.com\/index.php\/wp-json\/wp\/v2\/product\/2148\/revisions"}],"predecessor-version":[{"id":2149,"href":"https:\/\/uniquenailsstore.com\/index.php\/wp-json\/wp\/v2\/product\/2148\/revisions\/2149"}],"wp:featuredmedia":[{"embeddable":true,"href":"https:\/\/uniquenailsstore.com\/index.php\/wp-json\/wp\/v2\/media\/2088"}],"wp:attachment":[{"href":"https:\/\/uniquenailsstore.com\/index.php\/wp-json\/wp\/v2\/media?parent=2148"}],"wp:term":[{"taxonomy":"product_cat","embeddable":true,"href":"https:\/\/uniquenailsstore.com\/index.php\/wp-json\/wp\/v2\/product_cat?post=2148"},{"taxonomy":"product_tag","embeddable":true,"href":"https:\/\/uniquenailsstore.com\/index.php\/wp-json\/wp\/v2\/product_tag?post=2148"}],"curies":[{"name":"wp","href":"https:\/\/api.w.org\/{rel}","templated":true}]}}