{"id":1622,"date":"2024-01-25T00:51:00","date_gmt":"2024-01-24T23:51:00","guid":{"rendered":"https:\/\/uniquenailsstore.com\/?post_type=product&#038;p=1622"},"modified":"2025-08-25T19:33:40","modified_gmt":"2025-08-25T17:33:40","slug":"rubber-base-strong-glitter-nude","status":"publish","type":"product","link":"https:\/\/uniquenailsstore.com\/index.php\/prodotto\/rubber-base-strong-glitter-nude\/","title":{"rendered":"Rubber base Strong Glitter Nude"},"content":{"rendered":"<p>\u00c8 una base semipermanente rubber Glitter Nude(flessibile) adatta a tutte le tipologie di unghie. Perfetta come base applicando direttamente glossy top no wipe per un effetto brillante alle vostre unghie. Ha una colorazione cover glitterata veramente particolare. Applicato sulle unghie particolarmente sensibili e fragili potrebbe produrre un leggero calore. Per evitare questa sensazione ridurre la potenza della lampada a met\u00e0 e togliere la mano da sotto la lampada finch\u00e8 la sensazione di calore non svanisce, dopodich\u00e9 procedere nuovamente con il tempo di polimerizzazione consigliato. Quantit\u00e0 12ml. Polimerizza in 60\/120 secondi in lampada UV\/LED.<\/p>\n<p>Made in extra ue<\/p>\n","protected":false},"excerpt":{"rendered":"<p>\u00c8 una base semipermanente rubber Glitter Nude(flessibile) adatta a tutte le tipologie di unghie. Perfetta come base applicando direttamente glossy top no wipe per un effetto brillante alle vostre unghie.<\/p>\n","protected":false},"featured_media":1615,"comment_status":"open","ping_status":"closed","template":"","meta":{"om_disable_all_campaigns":false,"_mi_skip_tracking":false,"_monsterinsights_sitenote_active":false,"_monsterinsights_sitenote_note":"","_monsterinsights_sitenote_category":0,"_joinchat":[]},"product_cat":[25],"product_tag":[],"class_list":{"0":"post-1622","1":"product","2":"type-product","3":"status-publish","4":"has-post-thumbnail","6":"product_cat-basi","8":"first","9":"instock","10":"shipping-taxable","11":"purchasable","12":"product-type-simple"},"yoast_head":"<!-- This site is optimized with the Yoast SEO plugin v21.1 - https:\/\/yoast.com\/wordpress\/plugins\/seo\/ -->\n<title>Rubber base Strong Glitter Nude - UNIQUE<\/title>\n<meta name=\"description\" content=\"\u00c8 una base semipermanente rubber Glitter Nude(flessibile) adatta a tutte le tipologie di unghie. Perfetta come base applicando direttamente glossy top no wipe per un effetto brillante alle vostre unghie.\" \/>\n<meta name=\"robots\" content=\"index, follow, max-snippet:-1, max-image-preview:large, max-video-preview:-1\" \/>\n<link rel=\"canonical\" href=\"https:\/\/uniquenailsstore.com\/index.php\/prodotto\/rubber-base-strong-glitter-nude\/\" \/>\n<meta property=\"og:locale\" content=\"it_IT\" \/>\n<meta property=\"og:type\" content=\"article\" \/>\n<meta property=\"og:title\" content=\"Rubber base Strong Glitter Nude - UNIQUE\" \/>\n<meta property=\"og:description\" content=\"\u00c8 una base semipermanente rubber Glitter Nude(flessibile) adatta a tutte le tipologie di unghie. Perfetta come base applicando direttamente glossy top no wipe per un effetto brillante alle vostre unghie.\" \/>\n<meta property=\"og:url\" content=\"https:\/\/uniquenailsstore.com\/index.php\/prodotto\/rubber-base-strong-glitter-nude\/\" \/>\n<meta property=\"og:site_name\" content=\"UNIQUE\" \/>\n<meta property=\"article:modified_time\" content=\"2025-08-25T17:33:40+00:00\" \/>\n<meta property=\"og:image\" content=\"https:\/\/uniquenailsstore.com\/wp-content\/uploads\/2024\/01\/Rubber-base-Strong-glitter-nude.png\" \/>\n\t<meta property=\"og:image:width\" content=\"1500\" \/>\n\t<meta property=\"og:image:height\" content=\"1500\" \/>\n\t<meta property=\"og:image:type\" content=\"image\/png\" \/>\n<meta name=\"twitter:card\" content=\"summary_large_image\" \/>\n<meta name=\"twitter:label1\" content=\"Tempo di lettura stimato\" \/>\n\t<meta name=\"twitter:data1\" content=\"1 minuto\" \/>\n<script type=\"application\/ld+json\" class=\"yoast-schema-graph\">{\"@context\":\"https:\/\/schema.org\",\"@graph\":[{\"@type\":\"WebPage\",\"@id\":\"https:\/\/uniquenailsstore.com\/index.php\/prodotto\/rubber-base-strong-glitter-nude\/\",\"url\":\"https:\/\/uniquenailsstore.com\/index.php\/prodotto\/rubber-base-strong-glitter-nude\/\",\"name\":\"Rubber base Strong Glitter Nude - UNIQUE\",\"isPartOf\":{\"@id\":\"https:\/\/uniquenailsstore.com\/#website\"},\"datePublished\":\"2024-01-24T23:51:00+00:00\",\"dateModified\":\"2025-08-25T17:33:40+00:00\",\"description\":\"\u00c8 una base semipermanente rubber Glitter Nude(flessibile) adatta a tutte le tipologie di unghie. Perfetta come base applicando direttamente glossy top no wipe per un effetto brillante alle vostre unghie.\",\"breadcrumb\":{\"@id\":\"https:\/\/uniquenailsstore.com\/index.php\/prodotto\/rubber-base-strong-glitter-nude\/#breadcrumb\"},\"inLanguage\":\"it-IT\",\"potentialAction\":[{\"@type\":\"ReadAction\",\"target\":[\"https:\/\/uniquenailsstore.com\/index.php\/prodotto\/rubber-base-strong-glitter-nude\/\"]}]},{\"@type\":\"BreadcrumbList\",\"@id\":\"https:\/\/uniquenailsstore.com\/index.php\/prodotto\/rubber-base-strong-glitter-nude\/#breadcrumb\",\"itemListElement\":[{\"@type\":\"ListItem\",\"position\":1,\"name\":\"Home\",\"item\":\"https:\/\/uniquenailsstore.com\/\"},{\"@type\":\"ListItem\",\"position\":2,\"name\":\"Shop\",\"item\":\"https:\/\/uniquenailsstore.com\/index.php\/negozio\/\"},{\"@type\":\"ListItem\",\"position\":3,\"name\":\"Rubber base Strong Glitter Nude\"}]},{\"@type\":\"WebSite\",\"@id\":\"https:\/\/uniquenailsstore.com\/#website\",\"url\":\"https:\/\/uniquenailsstore.com\/\",\"name\":\"UNIQUE\",\"description\":\"Vendita prodotti di qualit\u00e0 per unghie\",\"publisher\":{\"@id\":\"https:\/\/uniquenailsstore.com\/#organization\"},\"potentialAction\":[{\"@type\":\"SearchAction\",\"target\":{\"@type\":\"EntryPoint\",\"urlTemplate\":\"https:\/\/uniquenailsstore.com\/?s={search_term_string}\"},\"query-input\":\"required name=search_term_string\"}],\"inLanguage\":\"it-IT\"},{\"@type\":\"Organization\",\"@id\":\"https:\/\/uniquenailsstore.com\/#organization\",\"name\":\"UNIQUE\",\"url\":\"https:\/\/uniquenailsstore.com\/\",\"logo\":{\"@type\":\"ImageObject\",\"inLanguage\":\"it-IT\",\"@id\":\"https:\/\/uniquenailsstore.com\/#\/schema\/logo\/image\/\",\"url\":\"https:\/\/uniquenailsstore.com\/wp-content\/uploads\/2023\/06\/uniquesito.png\",\"contentUrl\":\"https:\/\/uniquenailsstore.com\/wp-content\/uploads\/2023\/06\/uniquesito.png\",\"width\":2057,\"height\":1043,\"caption\":\"UNIQUE\"},\"image\":{\"@id\":\"https:\/\/uniquenailsstore.com\/#\/schema\/logo\/image\/\"}}]}<\/script>\n<!-- \/ Yoast SEO plugin. -->","yoast_head_json":{"title":"Rubber base Strong Glitter Nude - UNIQUE","description":"\u00c8 una base semipermanente rubber Glitter Nude(flessibile) adatta a tutte le tipologie di unghie. Perfetta come base applicando direttamente glossy top no wipe per un effetto brillante alle vostre unghie.","robots":{"index":"index","follow":"follow","max-snippet":"max-snippet:-1","max-image-preview":"max-image-preview:large","max-video-preview":"max-video-preview:-1"},"canonical":"https:\/\/uniquenailsstore.com\/index.php\/prodotto\/rubber-base-strong-glitter-nude\/","og_locale":"it_IT","og_type":"article","og_title":"Rubber base Strong Glitter Nude - UNIQUE","og_description":"\u00c8 una base semipermanente rubber Glitter Nude(flessibile) adatta a tutte le tipologie di unghie. Perfetta come base applicando direttamente glossy top no wipe per un effetto brillante alle vostre unghie.","og_url":"https:\/\/uniquenailsstore.com\/index.php\/prodotto\/rubber-base-strong-glitter-nude\/","og_site_name":"UNIQUE","article_modified_time":"2025-08-25T17:33:40+00:00","og_image":[{"width":1500,"height":1500,"url":"https:\/\/uniquenailsstore.com\/wp-content\/uploads\/2024\/01\/Rubber-base-Strong-glitter-nude.png","type":"image\/png"}],"twitter_card":"summary_large_image","twitter_misc":{"Tempo di lettura stimato":"1 minuto"},"schema":{"@context":"https:\/\/schema.org","@graph":[{"@type":"WebPage","@id":"https:\/\/uniquenailsstore.com\/index.php\/prodotto\/rubber-base-strong-glitter-nude\/","url":"https:\/\/uniquenailsstore.com\/index.php\/prodotto\/rubber-base-strong-glitter-nude\/","name":"Rubber base Strong Glitter Nude - UNIQUE","isPartOf":{"@id":"https:\/\/uniquenailsstore.com\/#website"},"datePublished":"2024-01-24T23:51:00+00:00","dateModified":"2025-08-25T17:33:40+00:00","description":"\u00c8 una base semipermanente rubber Glitter Nude(flessibile) adatta a tutte le tipologie di unghie. Perfetta come base applicando direttamente glossy top no wipe per un effetto brillante alle vostre unghie.","breadcrumb":{"@id":"https:\/\/uniquenailsstore.com\/index.php\/prodotto\/rubber-base-strong-glitter-nude\/#breadcrumb"},"inLanguage":"it-IT","potentialAction":[{"@type":"ReadAction","target":["https:\/\/uniquenailsstore.com\/index.php\/prodotto\/rubber-base-strong-glitter-nude\/"]}]},{"@type":"BreadcrumbList","@id":"https:\/\/uniquenailsstore.com\/index.php\/prodotto\/rubber-base-strong-glitter-nude\/#breadcrumb","itemListElement":[{"@type":"ListItem","position":1,"name":"Home","item":"https:\/\/uniquenailsstore.com\/"},{"@type":"ListItem","position":2,"name":"Shop","item":"https:\/\/uniquenailsstore.com\/index.php\/negozio\/"},{"@type":"ListItem","position":3,"name":"Rubber base Strong Glitter Nude"}]},{"@type":"WebSite","@id":"https:\/\/uniquenailsstore.com\/#website","url":"https:\/\/uniquenailsstore.com\/","name":"UNIQUE","description":"Vendita prodotti di qualit\u00e0 per unghie","publisher":{"@id":"https:\/\/uniquenailsstore.com\/#organization"},"potentialAction":[{"@type":"SearchAction","target":{"@type":"EntryPoint","urlTemplate":"https:\/\/uniquenailsstore.com\/?s={search_term_string}"},"query-input":"required name=search_term_string"}],"inLanguage":"it-IT"},{"@type":"Organization","@id":"https:\/\/uniquenailsstore.com\/#organization","name":"UNIQUE","url":"https:\/\/uniquenailsstore.com\/","logo":{"@type":"ImageObject","inLanguage":"it-IT","@id":"https:\/\/uniquenailsstore.com\/#\/schema\/logo\/image\/","url":"https:\/\/uniquenailsstore.com\/wp-content\/uploads\/2023\/06\/uniquesito.png","contentUrl":"https:\/\/uniquenailsstore.com\/wp-content\/uploads\/2023\/06\/uniquesito.png","width":2057,"height":1043,"caption":"UNIQUE"},"image":{"@id":"https:\/\/uniquenailsstore.com\/#\/schema\/logo\/image\/"}}]}},"_links":{"self":[{"href":"https:\/\/uniquenailsstore.com\/index.php\/wp-json\/wp\/v2\/product\/1622","targetHints":{"allow":["GET"]}}],"collection":[{"href":"https:\/\/uniquenailsstore.com\/index.php\/wp-json\/wp\/v2\/product"}],"about":[{"href":"https:\/\/uniquenailsstore.com\/index.php\/wp-json\/wp\/v2\/types\/product"}],"replies":[{"embeddable":true,"href":"https:\/\/uniquenailsstore.com\/index.php\/wp-json\/wp\/v2\/comments?post=1622"}],"version-history":[{"count":1,"href":"https:\/\/uniquenailsstore.com\/index.php\/wp-json\/wp\/v2\/product\/1622\/revisions"}],"predecessor-version":[{"id":1623,"href":"https:\/\/uniquenailsstore.com\/index.php\/wp-json\/wp\/v2\/product\/1622\/revisions\/1623"}],"wp:featuredmedia":[{"embeddable":true,"href":"https:\/\/uniquenailsstore.com\/index.php\/wp-json\/wp\/v2\/media\/1615"}],"wp:attachment":[{"href":"https:\/\/uniquenailsstore.com\/index.php\/wp-json\/wp\/v2\/media?parent=1622"}],"wp:term":[{"taxonomy":"product_cat","embeddable":true,"href":"https:\/\/uniquenailsstore.com\/index.php\/wp-json\/wp\/v2\/product_cat?post=1622"},{"taxonomy":"product_tag","embeddable":true,"href":"https:\/\/uniquenailsstore.com\/index.php\/wp-json\/wp\/v2\/product_tag?post=1622"}],"curies":[{"name":"wp","href":"https:\/\/api.w.org\/{rel}","templated":true}]}}