{"id":1620,"date":"2024-01-25T00:48:30","date_gmt":"2024-01-24T23:48:30","guid":{"rendered":"https:\/\/uniquenailsstore.com\/?post_type=product&#038;p=1620"},"modified":"2026-03-13T12:01:14","modified_gmt":"2026-03-13T11:01:14","slug":"rubber-base-strong-pink","status":"publish","type":"product","link":"https:\/\/uniquenailsstore.com\/index.php\/prodotto\/rubber-base-strong-pink\/","title":{"rendered":"Rubber base Strong Pink"},"content":{"rendered":"<p>\u00c8 una base semipermanente rubber pink, in questo caso \u00e8 un rosa un po\u2019 barbie molto bello la base \u00e8 (flessibile) adatta a tutte le tipologie di unghie. Perfetta come base applicando direttamente glossy top no wipe per un effetto naturale. Applicato sulle unghie particolarmente sensibili e fragili potrebbe produrre un leggero calore. Per evitare questa sensazione ridurre la potenza della lampada a met\u00e0 e togliere la mano da sotto la lampada finch\u00e8 la sensazione di calore non svanisce, dopodich\u00e9 procedere nuovamente con il tempo di polimerizzazione consigliato. Quantit\u00e0 12ml. Polimerizza in 60\/120 secondi in lampada UV\/LED. Made in extra ue<\/p>\n","protected":false},"excerpt":{"rendered":"<p>\u00c8 una base semipermanente rubber pink, in questo caso \u00e8 un rosa un po\u2019 barbie molto bello la base \u00e8 (flessibile) adatta a tutte le tipologie di unghie. Perfetta come base applicando direttamente glossy top no wipe per un effetto naturale.<\/p>\n","protected":false},"featured_media":1617,"comment_status":"open","ping_status":"closed","template":"","meta":{"om_disable_all_campaigns":false,"_mi_skip_tracking":false,"_monsterinsights_sitenote_active":false,"_monsterinsights_sitenote_note":"","_monsterinsights_sitenote_category":0,"_joinchat":[]},"product_cat":[25],"product_tag":[],"class_list":{"0":"post-1620","1":"product","2":"type-product","3":"status-publish","4":"has-post-thumbnail","6":"product_cat-basi","8":"first","9":"instock","10":"shipping-taxable","11":"purchasable","12":"product-type-simple"},"yoast_head":"<!-- This site is optimized with the Yoast SEO plugin v21.1 - https:\/\/yoast.com\/wordpress\/plugins\/seo\/ -->\n<title>Rubber base Strong Pink - UNIQUE<\/title>\n<meta name=\"description\" content=\"\u00c8 una base semipermanente rubber pink, in questo caso \u00e8 un rosa un po\u2019 barbie molto bello la base \u00e8 (flessibile) adatta a tutte le tipologie di unghie. Perfetta come base applicando direttamente glossy top no wipe per un effetto naturale.\" \/>\n<meta name=\"robots\" content=\"index, follow, max-snippet:-1, max-image-preview:large, max-video-preview:-1\" \/>\n<link rel=\"canonical\" href=\"https:\/\/uniquenailsstore.com\/index.php\/prodotto\/rubber-base-strong-pink\/\" \/>\n<meta property=\"og:locale\" content=\"it_IT\" \/>\n<meta property=\"og:type\" content=\"article\" \/>\n<meta property=\"og:title\" content=\"Rubber base Strong Pink - UNIQUE\" \/>\n<meta property=\"og:description\" content=\"\u00c8 una base semipermanente rubber pink, in questo caso \u00e8 un rosa un po\u2019 barbie molto bello la base \u00e8 (flessibile) adatta a tutte le tipologie di unghie. Perfetta come base applicando direttamente glossy top no wipe per un effetto naturale.\" \/>\n<meta property=\"og:url\" content=\"https:\/\/uniquenailsstore.com\/index.php\/prodotto\/rubber-base-strong-pink\/\" \/>\n<meta property=\"og:site_name\" content=\"UNIQUE\" \/>\n<meta property=\"article:modified_time\" content=\"2026-03-13T11:01:14+00:00\" \/>\n<meta property=\"og:image\" content=\"https:\/\/uniquenailsstore.com\/wp-content\/uploads\/2024\/01\/Rubber-base-Strong-pink.png\" \/>\n\t<meta property=\"og:image:width\" content=\"1500\" \/>\n\t<meta property=\"og:image:height\" content=\"1500\" \/>\n\t<meta property=\"og:image:type\" content=\"image\/png\" \/>\n<meta name=\"twitter:card\" content=\"summary_large_image\" \/>\n<meta name=\"twitter:label1\" content=\"Tempo di lettura stimato\" \/>\n\t<meta name=\"twitter:data1\" content=\"1 minuto\" \/>\n<script type=\"application\/ld+json\" class=\"yoast-schema-graph\">{\"@context\":\"https:\/\/schema.org\",\"@graph\":[{\"@type\":\"WebPage\",\"@id\":\"https:\/\/uniquenailsstore.com\/index.php\/prodotto\/rubber-base-strong-pink\/\",\"url\":\"https:\/\/uniquenailsstore.com\/index.php\/prodotto\/rubber-base-strong-pink\/\",\"name\":\"Rubber base Strong Pink - UNIQUE\",\"isPartOf\":{\"@id\":\"https:\/\/uniquenailsstore.com\/#website\"},\"datePublished\":\"2024-01-24T23:48:30+00:00\",\"dateModified\":\"2026-03-13T11:01:14+00:00\",\"description\":\"\u00c8 una base semipermanente rubber pink, in questo caso \u00e8 un rosa un po\u2019 barbie molto bello la base \u00e8 (flessibile) adatta a tutte le tipologie di unghie. Perfetta come base applicando direttamente glossy top no wipe per un effetto naturale.\",\"breadcrumb\":{\"@id\":\"https:\/\/uniquenailsstore.com\/index.php\/prodotto\/rubber-base-strong-pink\/#breadcrumb\"},\"inLanguage\":\"it-IT\",\"potentialAction\":[{\"@type\":\"ReadAction\",\"target\":[\"https:\/\/uniquenailsstore.com\/index.php\/prodotto\/rubber-base-strong-pink\/\"]}]},{\"@type\":\"BreadcrumbList\",\"@id\":\"https:\/\/uniquenailsstore.com\/index.php\/prodotto\/rubber-base-strong-pink\/#breadcrumb\",\"itemListElement\":[{\"@type\":\"ListItem\",\"position\":1,\"name\":\"Home\",\"item\":\"https:\/\/uniquenailsstore.com\/\"},{\"@type\":\"ListItem\",\"position\":2,\"name\":\"Shop\",\"item\":\"https:\/\/uniquenailsstore.com\/index.php\/negozio\/\"},{\"@type\":\"ListItem\",\"position\":3,\"name\":\"Rubber base Strong Pink\"}]},{\"@type\":\"WebSite\",\"@id\":\"https:\/\/uniquenailsstore.com\/#website\",\"url\":\"https:\/\/uniquenailsstore.com\/\",\"name\":\"UNIQUE\",\"description\":\"Vendita prodotti di qualit\u00e0 per unghie\",\"publisher\":{\"@id\":\"https:\/\/uniquenailsstore.com\/#organization\"},\"potentialAction\":[{\"@type\":\"SearchAction\",\"target\":{\"@type\":\"EntryPoint\",\"urlTemplate\":\"https:\/\/uniquenailsstore.com\/?s={search_term_string}\"},\"query-input\":\"required name=search_term_string\"}],\"inLanguage\":\"it-IT\"},{\"@type\":\"Organization\",\"@id\":\"https:\/\/uniquenailsstore.com\/#organization\",\"name\":\"UNIQUE\",\"url\":\"https:\/\/uniquenailsstore.com\/\",\"logo\":{\"@type\":\"ImageObject\",\"inLanguage\":\"it-IT\",\"@id\":\"https:\/\/uniquenailsstore.com\/#\/schema\/logo\/image\/\",\"url\":\"https:\/\/uniquenailsstore.com\/wp-content\/uploads\/2023\/06\/uniquesito.png\",\"contentUrl\":\"https:\/\/uniquenailsstore.com\/wp-content\/uploads\/2023\/06\/uniquesito.png\",\"width\":2057,\"height\":1043,\"caption\":\"UNIQUE\"},\"image\":{\"@id\":\"https:\/\/uniquenailsstore.com\/#\/schema\/logo\/image\/\"}}]}<\/script>\n<!-- \/ Yoast SEO plugin. -->","yoast_head_json":{"title":"Rubber base Strong Pink - UNIQUE","description":"\u00c8 una base semipermanente rubber pink, in questo caso \u00e8 un rosa un po\u2019 barbie molto bello la base \u00e8 (flessibile) adatta a tutte le tipologie di unghie. Perfetta come base applicando direttamente glossy top no wipe per un effetto naturale.","robots":{"index":"index","follow":"follow","max-snippet":"max-snippet:-1","max-image-preview":"max-image-preview:large","max-video-preview":"max-video-preview:-1"},"canonical":"https:\/\/uniquenailsstore.com\/index.php\/prodotto\/rubber-base-strong-pink\/","og_locale":"it_IT","og_type":"article","og_title":"Rubber base Strong Pink - UNIQUE","og_description":"\u00c8 una base semipermanente rubber pink, in questo caso \u00e8 un rosa un po\u2019 barbie molto bello la base \u00e8 (flessibile) adatta a tutte le tipologie di unghie. Perfetta come base applicando direttamente glossy top no wipe per un effetto naturale.","og_url":"https:\/\/uniquenailsstore.com\/index.php\/prodotto\/rubber-base-strong-pink\/","og_site_name":"UNIQUE","article_modified_time":"2026-03-13T11:01:14+00:00","og_image":[{"width":1500,"height":1500,"url":"https:\/\/uniquenailsstore.com\/wp-content\/uploads\/2024\/01\/Rubber-base-Strong-pink.png","type":"image\/png"}],"twitter_card":"summary_large_image","twitter_misc":{"Tempo di lettura stimato":"1 minuto"},"schema":{"@context":"https:\/\/schema.org","@graph":[{"@type":"WebPage","@id":"https:\/\/uniquenailsstore.com\/index.php\/prodotto\/rubber-base-strong-pink\/","url":"https:\/\/uniquenailsstore.com\/index.php\/prodotto\/rubber-base-strong-pink\/","name":"Rubber base Strong Pink - UNIQUE","isPartOf":{"@id":"https:\/\/uniquenailsstore.com\/#website"},"datePublished":"2024-01-24T23:48:30+00:00","dateModified":"2026-03-13T11:01:14+00:00","description":"\u00c8 una base semipermanente rubber pink, in questo caso \u00e8 un rosa un po\u2019 barbie molto bello la base \u00e8 (flessibile) adatta a tutte le tipologie di unghie. Perfetta come base applicando direttamente glossy top no wipe per un effetto naturale.","breadcrumb":{"@id":"https:\/\/uniquenailsstore.com\/index.php\/prodotto\/rubber-base-strong-pink\/#breadcrumb"},"inLanguage":"it-IT","potentialAction":[{"@type":"ReadAction","target":["https:\/\/uniquenailsstore.com\/index.php\/prodotto\/rubber-base-strong-pink\/"]}]},{"@type":"BreadcrumbList","@id":"https:\/\/uniquenailsstore.com\/index.php\/prodotto\/rubber-base-strong-pink\/#breadcrumb","itemListElement":[{"@type":"ListItem","position":1,"name":"Home","item":"https:\/\/uniquenailsstore.com\/"},{"@type":"ListItem","position":2,"name":"Shop","item":"https:\/\/uniquenailsstore.com\/index.php\/negozio\/"},{"@type":"ListItem","position":3,"name":"Rubber base Strong Pink"}]},{"@type":"WebSite","@id":"https:\/\/uniquenailsstore.com\/#website","url":"https:\/\/uniquenailsstore.com\/","name":"UNIQUE","description":"Vendita prodotti di qualit\u00e0 per unghie","publisher":{"@id":"https:\/\/uniquenailsstore.com\/#organization"},"potentialAction":[{"@type":"SearchAction","target":{"@type":"EntryPoint","urlTemplate":"https:\/\/uniquenailsstore.com\/?s={search_term_string}"},"query-input":"required name=search_term_string"}],"inLanguage":"it-IT"},{"@type":"Organization","@id":"https:\/\/uniquenailsstore.com\/#organization","name":"UNIQUE","url":"https:\/\/uniquenailsstore.com\/","logo":{"@type":"ImageObject","inLanguage":"it-IT","@id":"https:\/\/uniquenailsstore.com\/#\/schema\/logo\/image\/","url":"https:\/\/uniquenailsstore.com\/wp-content\/uploads\/2023\/06\/uniquesito.png","contentUrl":"https:\/\/uniquenailsstore.com\/wp-content\/uploads\/2023\/06\/uniquesito.png","width":2057,"height":1043,"caption":"UNIQUE"},"image":{"@id":"https:\/\/uniquenailsstore.com\/#\/schema\/logo\/image\/"}}]}},"_links":{"self":[{"href":"https:\/\/uniquenailsstore.com\/index.php\/wp-json\/wp\/v2\/product\/1620","targetHints":{"allow":["GET"]}}],"collection":[{"href":"https:\/\/uniquenailsstore.com\/index.php\/wp-json\/wp\/v2\/product"}],"about":[{"href":"https:\/\/uniquenailsstore.com\/index.php\/wp-json\/wp\/v2\/types\/product"}],"replies":[{"embeddable":true,"href":"https:\/\/uniquenailsstore.com\/index.php\/wp-json\/wp\/v2\/comments?post=1620"}],"version-history":[{"count":1,"href":"https:\/\/uniquenailsstore.com\/index.php\/wp-json\/wp\/v2\/product\/1620\/revisions"}],"predecessor-version":[{"id":1621,"href":"https:\/\/uniquenailsstore.com\/index.php\/wp-json\/wp\/v2\/product\/1620\/revisions\/1621"}],"wp:featuredmedia":[{"embeddable":true,"href":"https:\/\/uniquenailsstore.com\/index.php\/wp-json\/wp\/v2\/media\/1617"}],"wp:attachment":[{"href":"https:\/\/uniquenailsstore.com\/index.php\/wp-json\/wp\/v2\/media?parent=1620"}],"wp:term":[{"taxonomy":"product_cat","embeddable":true,"href":"https:\/\/uniquenailsstore.com\/index.php\/wp-json\/wp\/v2\/product_cat?post=1620"},{"taxonomy":"product_tag","embeddable":true,"href":"https:\/\/uniquenailsstore.com\/index.php\/wp-json\/wp\/v2\/product_tag?post=1620"}],"curies":[{"name":"wp","href":"https:\/\/api.w.org\/{rel}","templated":true}]}}